{"id":122,"date":"2020-12-29T15:26:12","date_gmt":"2020-12-29T15:26:12","guid":{"rendered":"http:\/\/istanbulbaskimerkezi.com\/?page_id=122"},"modified":"2021-02-27T15:10:15","modified_gmt":"2021-02-27T15:10:15","slug":"hizmetlerimiz","status":"publish","type":"page","link":"https:\/\/istanbulbaskimerkezi.com\/?page_id=122","title":{"rendered":"H\u0130ZMETLER\u0130M\u0130Z"},"content":{"rendered":"\n<figure class=\"wp-block-table is-style-stripes\"><table><tbody><tr><td><a href=\"http:\/\/istanbulbaskimerkezi.com\/?page_id=173\">Ara\u00e7 Giydirme<\/a><\/td><td><a href=\"http:\/\/istanbulbaskimerkezi.com\/?page_id=171\">Canvas ( Kanvas ) Tablo<\/a><\/td><td><a href=\"http:\/\/istanbulbaskimerkezi.com\/?page_id=167\">Display \u00dcr\u00fcnler<\/a><\/td><td><a href=\"http:\/\/istanbulbaskimerkezi.com\/?page_id=153\">Floor Graphic ( Yer Sticker )<\/a><\/td><td><a href=\"http:\/\/istanbulbaskimerkezi.com\/?page_id=137\">Folyo Bask\u0131<\/a><\/td><\/tr><tr><td><a href=\"http:\/\/istanbulbaskimerkezi.com\/?page_id=155\">Folyo Kesim<\/a><\/td><td><a href=\"http:\/\/istanbulbaskimerkezi.com\/?page_id=165\" data-type=\"page\" data-id=\"165\">Foreks &amp; Fotoblok<\/a><\/td><td><a href=\"http:\/\/istanbulbaskimerkezi.com\/?page_id=175\" data-type=\"page\" data-id=\"175\">Fuar Stand Hizmetleri<\/a><\/td><td><a href=\"http:\/\/istanbulbaskimerkezi.com\/?page_id=177\" data-type=\"page\" data-id=\"177\">Lansman, Toplant\u0131 ve Kongre Hizmetleri<\/a><\/td><td><a href=\"http:\/\/istanbulbaskimerkezi.com\/?page_id=169\" data-type=\"page\" data-id=\"169\">Matbaa Hizmetleri<\/a><\/td><\/tr><tr><td><a href=\"http:\/\/istanbulbaskimerkezi.com\/?page_id=157\" data-type=\"page\" data-id=\"157\">Mesh ( Vinil ) Bask\u0131<\/a><\/td><td><a href=\"http:\/\/istanbulbaskimerkezi.com\/?page_id=159\" data-type=\"page\" data-id=\"159\">One Way Vision Bask\u0131<\/a><\/td><td><a href=\"http:\/\/istanbulbaskimerkezi.com\/?page_id=161\" data-type=\"page\" data-id=\"161\">Roll-up Display \u00dcr\u00fcn<\/a><\/td><td><a href=\"http:\/\/istanbulbaskimerkezi.com\/?page_id=163\" data-type=\"page\" data-id=\"163\">Tabela Hizmetleri<\/a><\/td><td><a href=\"http:\/\/istanbulbaskimerkezi.com\/?page_id=151\" data-type=\"page\" data-id=\"151\">Vinil ( Branda ) Bask\u0131<\/a><\/td><\/tr><tr><td><\/td><td><\/td><td><\/td><td><\/td><td><\/td><\/tr><\/tbody><\/table><\/figure>\n\n\n\n<p><\/p>\n","protected":false},"excerpt":{"rendered":"<p>Ara\u00e7 Giydirme Canvas ( Kanvas ) Tablo Display \u00dcr\u00fcnler Floor Graphic ( Yer Sticker ) Folyo Bask\u0131 Folyo Kesim Foreks &amp; Fotoblok Fuar Stand Hizmetleri Lansman, Toplant\u0131 ve Kongre Hizmetleri Matbaa Hizmetleri<a class=\"moretag\" href=\"https:\/\/istanbulbaskimerkezi.com\/?page_id=122\">Read More&#8230;<\/a><\/p>\n","protected":false},"author":1,"featured_media":0,"parent":0,"menu_order":0,"comment_status":"closed","ping_status":"closed","template":"","meta":{"_monsterinsights_skip_tracking":false,"_monsterinsights_sitenote_active":false,"_monsterinsights_sitenote_note":"","_monsterinsights_sitenote_category":0,"footnotes":""},"class_list":["post-122","page","type-page","status-publish","hentry"],"_links":{"self":[{"href":"https:\/\/istanbulbaskimerkezi.com\/index.php?rest_route=\/wp\/v2\/pages\/122","targetHints":{"allow":["GET"]}}],"collection":[{"href":"https:\/\/istanbulbaskimerkezi.com\/index.php?rest_route=\/wp\/v2\/pages"}],"about":[{"href":"https:\/\/istanbulbaskimerkezi.com\/index.php?rest_route=\/wp\/v2\/types\/page"}],"author":[{"embeddable":true,"href":"https:\/\/istanbulbaskimerkezi.com\/index.php?rest_route=\/wp\/v2\/users\/1"}],"replies":[{"embeddable":true,"href":"https:\/\/istanbulbaskimerkezi.com\/index.php?rest_route=%2Fwp%2Fv2%2Fcomments&post=122"}],"version-history":[{"count":13,"href":"https:\/\/istanbulbaskimerkezi.com\/index.php?rest_route=\/wp\/v2\/pages\/122\/revisions"}],"predecessor-version":[{"id":301,"href":"https:\/\/istanbulbaskimerkezi.com\/index.php?rest_route=\/wp\/v2\/pages\/122\/revisions\/301"}],"wp:attachment":[{"href":"https:\/\/istanbulbaskimerkezi.com\/index.php?rest_route=%2Fwp%2Fv2%2Fmedia&parent=122"}],"curies":[{"name":"wp","href":"https:\/\/api.w.org\/{rel}","templated":true}]}}