{"id":137,"date":"2020-12-29T15:50:04","date_gmt":"2020-12-29T15:50:04","guid":{"rendered":"http:\/\/istanbulbaskimerkezi.com\/?page_id=137"},"modified":"2021-02-10T09:55:50","modified_gmt":"2021-02-10T09:55:50","slug":"folyo-baski","status":"publish","type":"page","link":"https:\/\/istanbulbaskimerkezi.com\/?page_id=137","title":{"rendered":"Folyo Bask\u0131"},"content":{"rendered":"\n<p>Normal, Cast ve \u015feffaf <strong>folyo<\/strong> olarak s\u0131ralayabiliriz. Normal folyolar tabelalarda ve cam vitrinlerde, cephelerde ve y\u00f6nlendirmelerde kullan\u0131l\u0131r. Bar, cafe, ma\u011faza ve \u015firket duvarlarinizida <strong>duvar ka\u011f\u0131d\u0131<\/strong> gibi s\u00fcsleyebilirsiniz. <strong>Cast Folyo<\/strong>lar girintisi ve \u00e7\u0131k\u0131nt\u0131s\u0131 \u00e7ok olan yerlerde ve \u00f6zellikle ara\u00e7 kaplamalar\u0131nda s\u0131cak hava ile uygulan\u0131r \u00fczerine \u00f6zel laminasyon at\u0131ld\u0131\u011f\u0131nda daha uzun \u00f6m\u00fcrl\u00fc olur. \u015eeffaf folyoya <strong>Dijital Bask<\/strong>\u0131 ters bask\u0131 olarak yap\u0131l\u0131r i\u00e7erden yap\u0131\u015ft\u0131r\u0131l\u0131r <strong>Sticker<\/strong>larda kullan\u0131l\u0131r.<\/p>\n\n\n\n<figure class=\"wp-block-gallery columns-7 is-cropped wp-block-gallery-1 is-layout-flex wp-block-gallery-is-layout-flex\"><ul class=\"blocks-gallery-grid\"><li class=\"blocks-gallery-item\"><figure><img loading=\"lazy\" decoding=\"async\" width=\"1017\" height=\"777\" src=\"http:\/\/istanbulbaskimerkezi.com\/wp-content\/uploads\/2021\/02\/stand-kaplama3-1.jpg\" alt=\"Stand Folyo Bask\u0131\" data-id=\"256\" data-full-url=\"http:\/\/istanbulbaskimerkezi.com\/wp-content\/uploads\/2021\/02\/stand-kaplama3-1.jpg\" data-link=\"http:\/\/istanbulbaskimerkezi.com\/?attachment_id=256\" class=\"wp-image-256\" srcset=\"https:\/\/istanbulbaskimerkezi.com\/wp-content\/uploads\/2021\/02\/stand-kaplama3-1.jpg 1017w, https:\/\/istanbulbaskimerkezi.com\/wp-content\/uploads\/2021\/02\/stand-kaplama3-1-300x229.jpg 300w, https:\/\/istanbulbaskimerkezi.com\/wp-content\/uploads\/2021\/02\/stand-kaplama3-1-768x587.jpg 768w\" sizes=\"auto, (max-width: 1017px) 100vw, 1017px\" \/><\/figure><\/li><li class=\"blocks-gallery-item\"><figure><img loading=\"lazy\" decoding=\"async\" width=\"1017\" height=\"777\" src=\"http:\/\/istanbulbaskimerkezi.com\/wp-content\/uploads\/2021\/02\/stand-kaplama2-1.jpg\" alt=\"stand kaplama\" data-id=\"255\" data-full-url=\"http:\/\/istanbulbaskimerkezi.com\/wp-content\/uploads\/2021\/02\/stand-kaplama2-1.jpg\" data-link=\"http:\/\/istanbulbaskimerkezi.com\/?attachment_id=255\" class=\"wp-image-255\" srcset=\"https:\/\/istanbulbaskimerkezi.com\/wp-content\/uploads\/2021\/02\/stand-kaplama2-1.jpg 1017w, https:\/\/istanbulbaskimerkezi.com\/wp-content\/uploads\/2021\/02\/stand-kaplama2-1-300x229.jpg 300w, https:\/\/istanbulbaskimerkezi.com\/wp-content\/uploads\/2021\/02\/stand-kaplama2-1-768x587.jpg 768w\" sizes=\"auto, (max-width: 1017px) 100vw, 1017px\" \/><\/figure><\/li><li class=\"blocks-gallery-item\"><figure><img loading=\"lazy\" decoding=\"async\" width=\"1017\" height=\"777\" src=\"http:\/\/istanbulbaskimerkezi.com\/wp-content\/uploads\/2021\/02\/folyo-kaplama2-1.jpg\" alt=\"vitrin kaplama\" data-id=\"253\" data-full-url=\"http:\/\/istanbulbaskimerkezi.com\/wp-content\/uploads\/2021\/02\/folyo-kaplama2-1.jpg\" data-link=\"http:\/\/istanbulbaskimerkezi.com\/?attachment_id=253\" class=\"wp-image-253\" srcset=\"https:\/\/istanbulbaskimerkezi.com\/wp-content\/uploads\/2021\/02\/folyo-kaplama2-1.jpg 1017w, https:\/\/istanbulbaskimerkezi.com\/wp-content\/uploads\/2021\/02\/folyo-kaplama2-1-300x229.jpg 300w, https:\/\/istanbulbaskimerkezi.com\/wp-content\/uploads\/2021\/02\/folyo-kaplama2-1-768x587.jpg 768w\" sizes=\"auto, (max-width: 1017px) 100vw, 1017px\" \/><\/figure><\/li><li class=\"blocks-gallery-item\"><figure><img loading=\"lazy\" decoding=\"async\" width=\"1017\" height=\"777\" src=\"http:\/\/istanbulbaskimerkezi.com\/wp-content\/uploads\/2021\/02\/stand-kaplama-1.jpg\" alt=\"stand folyo bask\u0131\" data-id=\"254\" data-full-url=\"http:\/\/istanbulbaskimerkezi.com\/wp-content\/uploads\/2021\/02\/stand-kaplama-1.jpg\" data-link=\"http:\/\/istanbulbaskimerkezi.com\/?attachment_id=254\" class=\"wp-image-254\" srcset=\"https:\/\/istanbulbaskimerkezi.com\/wp-content\/uploads\/2021\/02\/stand-kaplama-1.jpg 1017w, https:\/\/istanbulbaskimerkezi.com\/wp-content\/uploads\/2021\/02\/stand-kaplama-1-300x229.jpg 300w, https:\/\/istanbulbaskimerkezi.com\/wp-content\/uploads\/2021\/02\/stand-kaplama-1-768x587.jpg 768w\" sizes=\"auto, (max-width: 1017px) 100vw, 1017px\" \/><\/figure><\/li><li class=\"blocks-gallery-item\"><figure><img loading=\"lazy\" decoding=\"async\" width=\"1017\" height=\"777\" src=\"http:\/\/istanbulbaskimerkezi.com\/wp-content\/uploads\/2021\/02\/folyo-baski2-1.jpg\" alt=\"duvar kaplama\" data-id=\"251\" data-full-url=\"http:\/\/istanbulbaskimerkezi.com\/wp-content\/uploads\/2021\/02\/folyo-baski2-1.jpg\" data-link=\"http:\/\/istanbulbaskimerkezi.com\/?attachment_id=251\" class=\"wp-image-251\" srcset=\"https:\/\/istanbulbaskimerkezi.com\/wp-content\/uploads\/2021\/02\/folyo-baski2-1.jpg 1017w, https:\/\/istanbulbaskimerkezi.com\/wp-content\/uploads\/2021\/02\/folyo-baski2-1-300x229.jpg 300w, https:\/\/istanbulbaskimerkezi.com\/wp-content\/uploads\/2021\/02\/folyo-baski2-1-768x587.jpg 768w\" sizes=\"auto, (max-width: 1017px) 100vw, 1017px\" \/><\/figure><\/li><li class=\"blocks-gallery-item\"><figure><img loading=\"lazy\" decoding=\"async\" width=\"1017\" height=\"777\" src=\"http:\/\/istanbulbaskimerkezi.com\/wp-content\/uploads\/2021\/02\/folyo-kaplama-1.jpg\" alt=\"vitrin dijital bask\u0131\" data-id=\"252\" data-full-url=\"http:\/\/istanbulbaskimerkezi.com\/wp-content\/uploads\/2021\/02\/folyo-kaplama-1.jpg\" data-link=\"http:\/\/istanbulbaskimerkezi.com\/?attachment_id=252\" class=\"wp-image-252\" srcset=\"https:\/\/istanbulbaskimerkezi.com\/wp-content\/uploads\/2021\/02\/folyo-kaplama-1.jpg 1017w, https:\/\/istanbulbaskimerkezi.com\/wp-content\/uploads\/2021\/02\/folyo-kaplama-1-300x229.jpg 300w, https:\/\/istanbulbaskimerkezi.com\/wp-content\/uploads\/2021\/02\/folyo-kaplama-1-768x587.jpg 768w\" sizes=\"auto, (max-width: 1017px) 100vw, 1017px\" \/><\/figure><\/li><li class=\"blocks-gallery-item\"><figure><img loading=\"lazy\" decoding=\"async\" width=\"1017\" height=\"777\" src=\"http:\/\/istanbulbaskimerkezi.com\/wp-content\/uploads\/2021\/02\/folyo-baski-1.jpg\" alt=\"duvar folyo kaplama\" data-id=\"250\" data-full-url=\"http:\/\/istanbulbaskimerkezi.com\/wp-content\/uploads\/2021\/02\/folyo-baski-1.jpg\" data-link=\"http:\/\/istanbulbaskimerkezi.com\/?attachment_id=250\" class=\"wp-image-250\" srcset=\"https:\/\/istanbulbaskimerkezi.com\/wp-content\/uploads\/2021\/02\/folyo-baski-1.jpg 1017w, https:\/\/istanbulbaskimerkezi.com\/wp-content\/uploads\/2021\/02\/folyo-baski-1-300x229.jpg 300w, https:\/\/istanbulbaskimerkezi.com\/wp-content\/uploads\/2021\/02\/folyo-baski-1-768x587.jpg 768w\" sizes=\"auto, (max-width: 1017px) 100vw, 1017px\" \/><\/figure><\/li><\/ul><\/figure>\n","protected":false},"excerpt":{"rendered":"<p>Normal, Cast ve \u015feffaf folyo olarak s\u0131ralayabiliriz. Normal folyolar tabelalarda ve cam vitrinlerde, cephelerde ve y\u00f6nlendirmelerde kullan\u0131l\u0131r. Bar, cafe, ma\u011faza ve \u015firket duvarlarinizida duvar ka\u011f\u0131d\u0131 gibi s\u00fcsleyebilirsiniz. Cast Folyolar girintisi ve \u00e7\u0131k\u0131nt\u0131s\u0131<a class=\"moretag\" href=\"https:\/\/istanbulbaskimerkezi.com\/?page_id=137\">Read More&#8230;<\/a><\/p>\n","protected":false},"author":1,"featured_media":0,"parent":122,"menu_order":0,"comment_status":"closed","ping_status":"closed","template":"","meta":{"_monsterinsights_skip_tracking":false,"_monsterinsights_sitenote_active":false,"_monsterinsights_sitenote_note":"","_monsterinsights_sitenote_category":0,"footnotes":""},"class_list":["post-137","page","type-page","status-publish","hentry"],"_links":{"self":[{"href":"https:\/\/istanbulbaskimerkezi.com\/index.php?rest_route=\/wp\/v2\/pages\/137","targetHints":{"allow":["GET"]}}],"collection":[{"href":"https:\/\/istanbulbaskimerkezi.com\/index.php?rest_route=\/wp\/v2\/pages"}],"about":[{"href":"https:\/\/istanbulbaskimerkezi.com\/index.php?rest_route=\/wp\/v2\/types\/page"}],"author":[{"embeddable":true,"href":"https:\/\/istanbulbaskimerkezi.com\/index.php?rest_route=\/wp\/v2\/users\/1"}],"replies":[{"embeddable":true,"href":"https:\/\/istanbulbaskimerkezi.com\/index.php?rest_route=%2Fwp%2Fv2%2Fcomments&post=137"}],"version-history":[{"count":4,"href":"https:\/\/istanbulbaskimerkezi.com\/index.php?rest_route=\/wp\/v2\/pages\/137\/revisions"}],"predecessor-version":[{"id":257,"href":"https:\/\/istanbulbaskimerkezi.com\/index.php?rest_route=\/wp\/v2\/pages\/137\/revisions\/257"}],"up":[{"embeddable":true,"href":"https:\/\/istanbulbaskimerkezi.com\/index.php?rest_route=\/wp\/v2\/pages\/122"}],"wp:attachment":[{"href":"https:\/\/istanbulbaskimerkezi.com\/index.php?rest_route=%2Fwp%2Fv2%2Fmedia&parent=137"}],"curies":[{"name":"wp","href":"https:\/\/api.w.org\/{rel}","templated":true}]}}