{"id":151,"date":"2020-12-29T17:04:00","date_gmt":"2020-12-29T17:04:00","guid":{"rendered":"http:\/\/istanbulbaskimerkezi.com\/?page_id=151"},"modified":"2021-02-10T10:01:30","modified_gmt":"2021-02-10T10:01:30","slug":"vinil-branda-baski","status":"publish","type":"page","link":"https:\/\/istanbulbaskimerkezi.com\/?page_id=151","title":{"rendered":"Vinil ( Branda ) Bask\u0131"},"content":{"rendered":"\n<p><strong>Branda<\/strong>, <strong>Vinil bask\u0131<\/strong>, ad\u0131 \u00fczerinde brandan\u0131n \u00fczerine <strong>dijital bask\u0131<\/strong> makinalar\u0131 ile bask\u0131 yap\u0131lmas\u0131na denir. <strong>Branda &#8211; Vinil, Digital Bask<\/strong>\u0131n\u0131n vazge\u00e7ilmeyen en \u00f6nemli elemanlar\u0131nda biridir. Branda, <strong>Vinil bask\u0131<\/strong> sa\u011flaml\u0131\u011f\u0131, esnekli\u011fi, g\u00f6rselli\u011fi ve uygun fiyat a\u00e7\u0131s\u0131ndan bir \u00e7ok alanda kullan\u0131lmaktad\u0131r. Bask\u0131 brandas\u0131n\u0131n rengi beyazd\u0131r, bu \u00fcr\u00fcn\u00fcn \u00fczerine istenilen her t\u00fcrl\u00fc g\u00f6rseli bask\u0131 yapabilirsiniz.<\/p>\n\n\n\n<figure class=\"wp-block-gallery columns-7 is-cropped wp-block-gallery-1 is-layout-flex wp-block-gallery-is-layout-flex\"><ul class=\"blocks-gallery-grid\"><li class=\"blocks-gallery-item\"><figure><img loading=\"lazy\" decoding=\"async\" width=\"1017\" height=\"777\" src=\"http:\/\/istanbulbaskimerkezi.com\/wp-content\/uploads\/2021\/02\/isikli-vinil.jpg\" alt=\"\u0131\u015f\u0131kl\u0131 vinil kaplama\" data-id=\"263\" data-full-url=\"http:\/\/istanbulbaskimerkezi.com\/wp-content\/uploads\/2021\/02\/isikli-vinil.jpg\" data-link=\"http:\/\/istanbulbaskimerkezi.com\/?attachment_id=263\" class=\"wp-image-263\" srcset=\"https:\/\/istanbulbaskimerkezi.com\/wp-content\/uploads\/2021\/02\/isikli-vinil.jpg 1017w, https:\/\/istanbulbaskimerkezi.com\/wp-content\/uploads\/2021\/02\/isikli-vinil-300x229.jpg 300w, https:\/\/istanbulbaskimerkezi.com\/wp-content\/uploads\/2021\/02\/isikli-vinil-768x587.jpg 768w\" sizes=\"auto, (max-width: 1017px) 100vw, 1017px\" \/><\/figure><\/li><li class=\"blocks-gallery-item\"><figure><img loading=\"lazy\" decoding=\"async\" width=\"1017\" height=\"777\" src=\"http:\/\/istanbulbaskimerkezi.com\/wp-content\/uploads\/2021\/02\/isikli-vinil2.jpg\" alt=\"\u0131\u015f\u0131kl\u0131 vinil germe\" data-id=\"264\" data-full-url=\"http:\/\/istanbulbaskimerkezi.com\/wp-content\/uploads\/2021\/02\/isikli-vinil2.jpg\" data-link=\"http:\/\/istanbulbaskimerkezi.com\/?attachment_id=264\" class=\"wp-image-264\" srcset=\"https:\/\/istanbulbaskimerkezi.com\/wp-content\/uploads\/2021\/02\/isikli-vinil2.jpg 1017w, https:\/\/istanbulbaskimerkezi.com\/wp-content\/uploads\/2021\/02\/isikli-vinil2-300x229.jpg 300w, https:\/\/istanbulbaskimerkezi.com\/wp-content\/uploads\/2021\/02\/isikli-vinil2-768x587.jpg 768w\" sizes=\"auto, (max-width: 1017px) 100vw, 1017px\" \/><\/figure><\/li><li class=\"blocks-gallery-item\"><figure><img loading=\"lazy\" decoding=\"async\" width=\"1017\" height=\"777\" src=\"http:\/\/istanbulbaskimerkezi.com\/wp-content\/uploads\/2021\/02\/isikli-vinil3.jpg\" alt=\"\u0131\u015f\u0131kl\u0131 vinil \" data-id=\"265\" data-full-url=\"http:\/\/istanbulbaskimerkezi.com\/wp-content\/uploads\/2021\/02\/isikli-vinil3.jpg\" data-link=\"http:\/\/istanbulbaskimerkezi.com\/?attachment_id=265\" class=\"wp-image-265\" srcset=\"https:\/\/istanbulbaskimerkezi.com\/wp-content\/uploads\/2021\/02\/isikli-vinil3.jpg 1017w, https:\/\/istanbulbaskimerkezi.com\/wp-content\/uploads\/2021\/02\/isikli-vinil3-300x229.jpg 300w, https:\/\/istanbulbaskimerkezi.com\/wp-content\/uploads\/2021\/02\/isikli-vinil3-768x587.jpg 768w\" sizes=\"auto, (max-width: 1017px) 100vw, 1017px\" \/><\/figure><\/li><li class=\"blocks-gallery-item\"><figure><img loading=\"lazy\" decoding=\"async\" width=\"1017\" height=\"777\" src=\"http:\/\/istanbulbaskimerkezi.com\/wp-content\/uploads\/2021\/02\/vinil-baski.jpg\" alt=\"pano branda kaplama\" data-id=\"266\" data-full-url=\"http:\/\/istanbulbaskimerkezi.com\/wp-content\/uploads\/2021\/02\/vinil-baski.jpg\" data-link=\"http:\/\/istanbulbaskimerkezi.com\/?attachment_id=266\" class=\"wp-image-266\" srcset=\"https:\/\/istanbulbaskimerkezi.com\/wp-content\/uploads\/2021\/02\/vinil-baski.jpg 1017w, https:\/\/istanbulbaskimerkezi.com\/wp-content\/uploads\/2021\/02\/vinil-baski-300x229.jpg 300w, https:\/\/istanbulbaskimerkezi.com\/wp-content\/uploads\/2021\/02\/vinil-baski-768x587.jpg 768w\" sizes=\"auto, (max-width: 1017px) 100vw, 1017px\" \/><\/figure><\/li><li class=\"blocks-gallery-item\"><figure><img loading=\"lazy\" decoding=\"async\" width=\"1017\" height=\"777\" src=\"http:\/\/istanbulbaskimerkezi.com\/wp-content\/uploads\/2021\/02\/vinil-baski2.jpg\" alt=\"pano branda germe\" data-id=\"267\" data-full-url=\"http:\/\/istanbulbaskimerkezi.com\/wp-content\/uploads\/2021\/02\/vinil-baski2.jpg\" data-link=\"http:\/\/istanbulbaskimerkezi.com\/?attachment_id=267\" class=\"wp-image-267\" srcset=\"https:\/\/istanbulbaskimerkezi.com\/wp-content\/uploads\/2021\/02\/vinil-baski2.jpg 1017w, https:\/\/istanbulbaskimerkezi.com\/wp-content\/uploads\/2021\/02\/vinil-baski2-300x229.jpg 300w, https:\/\/istanbulbaskimerkezi.com\/wp-content\/uploads\/2021\/02\/vinil-baski2-768x587.jpg 768w\" sizes=\"auto, (max-width: 1017px) 100vw, 1017px\" \/><\/figure><\/li><li class=\"blocks-gallery-item\"><figure><img loading=\"lazy\" decoding=\"async\" width=\"1017\" height=\"777\" src=\"http:\/\/istanbulbaskimerkezi.com\/wp-content\/uploads\/2021\/02\/vinil-baski3.jpg\" alt=\"pano vinil germe\" data-id=\"268\" data-full-url=\"http:\/\/istanbulbaskimerkezi.com\/wp-content\/uploads\/2021\/02\/vinil-baski3.jpg\" data-link=\"http:\/\/istanbulbaskimerkezi.com\/?attachment_id=268\" class=\"wp-image-268\" srcset=\"https:\/\/istanbulbaskimerkezi.com\/wp-content\/uploads\/2021\/02\/vinil-baski3.jpg 1017w, https:\/\/istanbulbaskimerkezi.com\/wp-content\/uploads\/2021\/02\/vinil-baski3-300x229.jpg 300w, https:\/\/istanbulbaskimerkezi.com\/wp-content\/uploads\/2021\/02\/vinil-baski3-768x587.jpg 768w\" sizes=\"auto, (max-width: 1017px) 100vw, 1017px\" \/><\/figure><\/li><li class=\"blocks-gallery-item\"><figure><img loading=\"lazy\" decoding=\"async\" width=\"1017\" height=\"777\" src=\"http:\/\/istanbulbaskimerkezi.com\/wp-content\/uploads\/2021\/02\/vinil-baski4.jpg\" alt=\"pano reklam\" data-id=\"269\" data-full-url=\"http:\/\/istanbulbaskimerkezi.com\/wp-content\/uploads\/2021\/02\/vinil-baski4.jpg\" data-link=\"http:\/\/istanbulbaskimerkezi.com\/?attachment_id=269\" class=\"wp-image-269\" srcset=\"https:\/\/istanbulbaskimerkezi.com\/wp-content\/uploads\/2021\/02\/vinil-baski4.jpg 1017w, https:\/\/istanbulbaskimerkezi.com\/wp-content\/uploads\/2021\/02\/vinil-baski4-300x229.jpg 300w, https:\/\/istanbulbaskimerkezi.com\/wp-content\/uploads\/2021\/02\/vinil-baski4-768x587.jpg 768w\" sizes=\"auto, (max-width: 1017px) 100vw, 1017px\" \/><\/figure><\/li><li class=\"blocks-gallery-item\"><figure><img loading=\"lazy\" decoding=\"async\" width=\"1017\" height=\"777\" src=\"http:\/\/istanbulbaskimerkezi.com\/wp-content\/uploads\/2021\/02\/vinil-baski5.jpg\" alt=\"afi\u015f germe\" data-id=\"270\" data-full-url=\"http:\/\/istanbulbaskimerkezi.com\/wp-content\/uploads\/2021\/02\/vinil-baski5.jpg\" data-link=\"http:\/\/istanbulbaskimerkezi.com\/?attachment_id=270\" class=\"wp-image-270\" srcset=\"https:\/\/istanbulbaskimerkezi.com\/wp-content\/uploads\/2021\/02\/vinil-baski5.jpg 1017w, https:\/\/istanbulbaskimerkezi.com\/wp-content\/uploads\/2021\/02\/vinil-baski5-300x229.jpg 300w, https:\/\/istanbulbaskimerkezi.com\/wp-content\/uploads\/2021\/02\/vinil-baski5-768x587.jpg 768w\" sizes=\"auto, (max-width: 1017px) 100vw, 1017px\" \/><\/figure><\/li><li class=\"blocks-gallery-item\"><figure><img loading=\"lazy\" decoding=\"async\" width=\"1017\" height=\"777\" src=\"http:\/\/istanbulbaskimerkezi.com\/wp-content\/uploads\/2021\/02\/vinil-baski6.jpg\" alt=\"afi\u015f reklam\" data-id=\"271\" data-full-url=\"http:\/\/istanbulbaskimerkezi.com\/wp-content\/uploads\/2021\/02\/vinil-baski6.jpg\" data-link=\"http:\/\/istanbulbaskimerkezi.com\/?attachment_id=271\" class=\"wp-image-271\" srcset=\"https:\/\/istanbulbaskimerkezi.com\/wp-content\/uploads\/2021\/02\/vinil-baski6.jpg 1017w, https:\/\/istanbulbaskimerkezi.com\/wp-content\/uploads\/2021\/02\/vinil-baski6-300x229.jpg 300w, https:\/\/istanbulbaskimerkezi.com\/wp-content\/uploads\/2021\/02\/vinil-baski6-768x587.jpg 768w\" sizes=\"auto, (max-width: 1017px) 100vw, 1017px\" \/><\/figure><\/li><li class=\"blocks-gallery-item\"><figure><img loading=\"lazy\" decoding=\"async\" width=\"1017\" height=\"777\" src=\"http:\/\/istanbulbaskimerkezi.com\/wp-content\/uploads\/2021\/02\/vinil-germe.jpg\" alt=\"vinil reklam\" data-id=\"272\" data-full-url=\"http:\/\/istanbulbaskimerkezi.com\/wp-content\/uploads\/2021\/02\/vinil-germe.jpg\" data-link=\"http:\/\/istanbulbaskimerkezi.com\/?attachment_id=272\" class=\"wp-image-272\" srcset=\"https:\/\/istanbulbaskimerkezi.com\/wp-content\/uploads\/2021\/02\/vinil-germe.jpg 1017w, https:\/\/istanbulbaskimerkezi.com\/wp-content\/uploads\/2021\/02\/vinil-germe-300x229.jpg 300w, https:\/\/istanbulbaskimerkezi.com\/wp-content\/uploads\/2021\/02\/vinil-germe-768x587.jpg 768w\" sizes=\"auto, (max-width: 1017px) 100vw, 1017px\" \/><\/figure><\/li><li class=\"blocks-gallery-item\"><figure><img loading=\"lazy\" decoding=\"async\" width=\"1017\" height=\"777\" src=\"http:\/\/istanbulbaskimerkezi.com\/wp-content\/uploads\/2021\/02\/vinil-germe2.jpg\" alt=\"vinil kaplama\" data-id=\"273\" data-full-url=\"http:\/\/istanbulbaskimerkezi.com\/wp-content\/uploads\/2021\/02\/vinil-germe2.jpg\" data-link=\"http:\/\/istanbulbaskimerkezi.com\/?attachment_id=273\" class=\"wp-image-273\" srcset=\"https:\/\/istanbulbaskimerkezi.com\/wp-content\/uploads\/2021\/02\/vinil-germe2.jpg 1017w, https:\/\/istanbulbaskimerkezi.com\/wp-content\/uploads\/2021\/02\/vinil-germe2-300x229.jpg 300w, https:\/\/istanbulbaskimerkezi.com\/wp-content\/uploads\/2021\/02\/vinil-germe2-768x587.jpg 768w\" sizes=\"auto, (max-width: 1017px) 100vw, 1017px\" \/><\/figure><\/li><li class=\"blocks-gallery-item\"><figure><img loading=\"lazy\" decoding=\"async\" width=\"1017\" height=\"777\" src=\"http:\/\/istanbulbaskimerkezi.com\/wp-content\/uploads\/2021\/02\/vinil-germe3.jpg\" alt=\"Vinil uv bask\u0131\" data-id=\"274\" data-full-url=\"http:\/\/istanbulbaskimerkezi.com\/wp-content\/uploads\/2021\/02\/vinil-germe3.jpg\" data-link=\"http:\/\/istanbulbaskimerkezi.com\/?attachment_id=274\" class=\"wp-image-274\" srcset=\"https:\/\/istanbulbaskimerkezi.com\/wp-content\/uploads\/2021\/02\/vinil-germe3.jpg 1017w, https:\/\/istanbulbaskimerkezi.com\/wp-content\/uploads\/2021\/02\/vinil-germe3-300x229.jpg 300w, https:\/\/istanbulbaskimerkezi.com\/wp-content\/uploads\/2021\/02\/vinil-germe3-768x587.jpg 768w\" sizes=\"auto, (max-width: 1017px) 100vw, 1017px\" \/><\/figure><\/li><li class=\"blocks-gallery-item\"><figure><img loading=\"lazy\" decoding=\"async\" width=\"1017\" height=\"777\" src=\"http:\/\/istanbulbaskimerkezi.com\/wp-content\/uploads\/2021\/02\/vinil-germe-innovia.jpg\" alt=\"vinil dijital bask\u0131\" data-id=\"275\" data-full-url=\"http:\/\/istanbulbaskimerkezi.com\/wp-content\/uploads\/2021\/02\/vinil-germe-innovia.jpg\" data-link=\"http:\/\/istanbulbaskimerkezi.com\/?attachment_id=275\" class=\"wp-image-275\" srcset=\"https:\/\/istanbulbaskimerkezi.com\/wp-content\/uploads\/2021\/02\/vinil-germe-innovia.jpg 1017w, https:\/\/istanbulbaskimerkezi.com\/wp-content\/uploads\/2021\/02\/vinil-germe-innovia-300x229.jpg 300w, https:\/\/istanbulbaskimerkezi.com\/wp-content\/uploads\/2021\/02\/vinil-germe-innovia-768x587.jpg 768w\" sizes=\"auto, (max-width: 1017px) 100vw, 1017px\" \/><\/figure><\/li><li class=\"blocks-gallery-item\"><figure><img loading=\"lazy\" decoding=\"async\" width=\"1017\" height=\"777\" src=\"http:\/\/istanbulbaskimerkezi.com\/wp-content\/uploads\/2021\/02\/vinil-germe-innovia2.jpg\" alt=\"branda bask\u0131\" data-id=\"276\" data-full-url=\"http:\/\/istanbulbaskimerkezi.com\/wp-content\/uploads\/2021\/02\/vinil-germe-innovia2.jpg\" data-link=\"http:\/\/istanbulbaskimerkezi.com\/?attachment_id=276\" class=\"wp-image-276\" srcset=\"https:\/\/istanbulbaskimerkezi.com\/wp-content\/uploads\/2021\/02\/vinil-germe-innovia2.jpg 1017w, https:\/\/istanbulbaskimerkezi.com\/wp-content\/uploads\/2021\/02\/vinil-germe-innovia2-300x229.jpg 300w, https:\/\/istanbulbaskimerkezi.com\/wp-content\/uploads\/2021\/02\/vinil-germe-innovia2-768x587.jpg 768w\" sizes=\"auto, (max-width: 1017px) 100vw, 1017px\" \/><\/figure><\/li><li class=\"blocks-gallery-item\"><figure><img loading=\"lazy\" decoding=\"async\" width=\"1017\" height=\"777\" src=\"http:\/\/istanbulbaskimerkezi.com\/wp-content\/uploads\/2021\/02\/vinil-germe-innovia3.jpg\" alt=\"vinil bask\u0131\" data-id=\"277\" data-full-url=\"http:\/\/istanbulbaskimerkezi.com\/wp-content\/uploads\/2021\/02\/vinil-germe-innovia3.jpg\" data-link=\"http:\/\/istanbulbaskimerkezi.com\/?attachment_id=277\" class=\"wp-image-277\" srcset=\"https:\/\/istanbulbaskimerkezi.com\/wp-content\/uploads\/2021\/02\/vinil-germe-innovia3.jpg 1017w, https:\/\/istanbulbaskimerkezi.com\/wp-content\/uploads\/2021\/02\/vinil-germe-innovia3-300x229.jpg 300w, https:\/\/istanbulbaskimerkezi.com\/wp-content\/uploads\/2021\/02\/vinil-germe-innovia3-768x587.jpg 768w\" sizes=\"auto, (max-width: 1017px) 100vw, 1017px\" \/><\/figure><\/li><li class=\"blocks-gallery-item\"><figure><img loading=\"lazy\" decoding=\"async\" width=\"1017\" height=\"777\" src=\"http:\/\/istanbulbaskimerkezi.com\/wp-content\/uploads\/2021\/02\/vinil-germe-innovia4.jpg\" alt=\"cephe vinil germe\" data-id=\"278\" data-full-url=\"http:\/\/istanbulbaskimerkezi.com\/wp-content\/uploads\/2021\/02\/vinil-germe-innovia4.jpg\" data-link=\"http:\/\/istanbulbaskimerkezi.com\/?attachment_id=278\" class=\"wp-image-278\" srcset=\"https:\/\/istanbulbaskimerkezi.com\/wp-content\/uploads\/2021\/02\/vinil-germe-innovia4.jpg 1017w, https:\/\/istanbulbaskimerkezi.com\/wp-content\/uploads\/2021\/02\/vinil-germe-innovia4-300x229.jpg 300w, https:\/\/istanbulbaskimerkezi.com\/wp-content\/uploads\/2021\/02\/vinil-germe-innovia4-768x587.jpg 768w\" sizes=\"auto, (max-width: 1017px) 100vw, 1017px\" \/><\/figure><\/li><li class=\"blocks-gallery-item\"><figure><img loading=\"lazy\" decoding=\"async\" width=\"1017\" height=\"777\" src=\"http:\/\/istanbulbaskimerkezi.com\/wp-content\/uploads\/2021\/02\/vinil-germe-innovia5.jpg\" alt=\"cephe vinil kaplama\" data-id=\"279\" data-full-url=\"http:\/\/istanbulbaskimerkezi.com\/wp-content\/uploads\/2021\/02\/vinil-germe-innovia5.jpg\" data-link=\"http:\/\/istanbulbaskimerkezi.com\/?attachment_id=279\" class=\"wp-image-279\" srcset=\"https:\/\/istanbulbaskimerkezi.com\/wp-content\/uploads\/2021\/02\/vinil-germe-innovia5.jpg 1017w, https:\/\/istanbulbaskimerkezi.com\/wp-content\/uploads\/2021\/02\/vinil-germe-innovia5-300x229.jpg 300w, https:\/\/istanbulbaskimerkezi.com\/wp-content\/uploads\/2021\/02\/vinil-germe-innovia5-768x587.jpg 768w\" sizes=\"auto, (max-width: 1017px) 100vw, 1017px\" \/><\/figure><\/li><li class=\"blocks-gallery-item\"><figure><img loading=\"lazy\" decoding=\"async\" width=\"1017\" height=\"777\" src=\"http:\/\/istanbulbaskimerkezi.com\/wp-content\/uploads\/2021\/02\/vinil-germe-tabela.jpg\" alt=\"\u00dcst ge\u00e7it vinil germe\" data-id=\"280\" data-full-url=\"http:\/\/istanbulbaskimerkezi.com\/wp-content\/uploads\/2021\/02\/vinil-germe-tabela.jpg\" data-link=\"http:\/\/istanbulbaskimerkezi.com\/?attachment_id=280\" class=\"wp-image-280\" srcset=\"https:\/\/istanbulbaskimerkezi.com\/wp-content\/uploads\/2021\/02\/vinil-germe-tabela.jpg 1017w, https:\/\/istanbulbaskimerkezi.com\/wp-content\/uploads\/2021\/02\/vinil-germe-tabela-300x229.jpg 300w, https:\/\/istanbulbaskimerkezi.com\/wp-content\/uploads\/2021\/02\/vinil-germe-tabela-768x587.jpg 768w\" sizes=\"auto, (max-width: 1017px) 100vw, 1017px\" \/><\/figure><\/li><li class=\"blocks-gallery-item\"><figure><img loading=\"lazy\" decoding=\"async\" width=\"1017\" height=\"777\" src=\"http:\/\/istanbulbaskimerkezi.com\/wp-content\/uploads\/2021\/02\/vinil-germe-tabela2.jpg\" alt=\"\u00dcst ge\u00e7it vinil kaplama\" data-id=\"281\" data-full-url=\"http:\/\/istanbulbaskimerkezi.com\/wp-content\/uploads\/2021\/02\/vinil-germe-tabela2.jpg\" data-link=\"http:\/\/istanbulbaskimerkezi.com\/?attachment_id=281\" class=\"wp-image-281\" srcset=\"https:\/\/istanbulbaskimerkezi.com\/wp-content\/uploads\/2021\/02\/vinil-germe-tabela2.jpg 1017w, https:\/\/istanbulbaskimerkezi.com\/wp-content\/uploads\/2021\/02\/vinil-germe-tabela2-300x229.jpg 300w, https:\/\/istanbulbaskimerkezi.com\/wp-content\/uploads\/2021\/02\/vinil-germe-tabela2-768x587.jpg 768w\" sizes=\"auto, (max-width: 1017px) 100vw, 1017px\" \/><\/figure><\/li><\/ul><\/figure>\n","protected":false},"excerpt":{"rendered":"<p>Branda, Vinil bask\u0131, ad\u0131 \u00fczerinde brandan\u0131n \u00fczerine dijital bask\u0131 makinalar\u0131 ile bask\u0131 yap\u0131lmas\u0131na denir. Branda &#8211; Vinil, Digital Bask\u0131n\u0131n vazge\u00e7ilmeyen en \u00f6nemli elemanlar\u0131nda biridir. Branda, Vinil bask\u0131 sa\u011flaml\u0131\u011f\u0131, esnekli\u011fi, g\u00f6rselli\u011fi ve uygun<a class=\"moretag\" href=\"https:\/\/istanbulbaskimerkezi.com\/?page_id=151\">Read More&#8230;<\/a><\/p>\n","protected":false},"author":1,"featured_media":0,"parent":122,"menu_order":0,"comment_status":"closed","ping_status":"closed","template":"","meta":{"_monsterinsights_skip_tracking":false,"_monsterinsights_sitenote_active":false,"_monsterinsights_sitenote_note":"","_monsterinsights_sitenote_category":0,"footnotes":""},"class_list":["post-151","page","type-page","status-publish","hentry"],"_links":{"self":[{"href":"https:\/\/istanbulbaskimerkezi.com\/index.php?rest_route=\/wp\/v2\/pages\/151","targetHints":{"allow":["GET"]}}],"collection":[{"href":"https:\/\/istanbulbaskimerkezi.com\/index.php?rest_route=\/wp\/v2\/pages"}],"about":[{"href":"https:\/\/istanbulbaskimerkezi.com\/index.php?rest_route=\/wp\/v2\/types\/page"}],"author":[{"embeddable":true,"href":"https:\/\/istanbulbaskimerkezi.com\/index.php?rest_route=\/wp\/v2\/users\/1"}],"replies":[{"embeddable":true,"href":"https:\/\/istanbulbaskimerkezi.com\/index.php?rest_route=%2Fwp%2Fv2%2Fcomments&post=151"}],"version-history":[{"count":2,"href":"https:\/\/istanbulbaskimerkezi.com\/index.php?rest_route=\/wp\/v2\/pages\/151\/revisions"}],"predecessor-version":[{"id":282,"href":"https:\/\/istanbulbaskimerkezi.com\/index.php?rest_route=\/wp\/v2\/pages\/151\/revisions\/282"}],"up":[{"embeddable":true,"href":"https:\/\/istanbulbaskimerkezi.com\/index.php?rest_route=\/wp\/v2\/pages\/122"}],"wp:attachment":[{"href":"https:\/\/istanbulbaskimerkezi.com\/index.php?rest_route=%2Fwp%2Fv2%2Fmedia&parent=151"}],"curies":[{"name":"wp","href":"https:\/\/api.w.org\/{rel}","templated":true}]}}