{"id":153,"date":"2020-12-29T17:06:12","date_gmt":"2020-12-29T17:06:12","guid":{"rendered":"http:\/\/istanbulbaskimerkezi.com\/?page_id=153"},"modified":"2020-12-29T17:06:22","modified_gmt":"2020-12-29T17:06:22","slug":"floor-graphic-yer-sticker","status":"publish","type":"page","link":"https:\/\/istanbulbaskimerkezi.com\/?page_id=153","title":{"rendered":"Floor Graphic ( Yer Sticker )"},"content":{"rendered":"\n<p>AVM ve i\u015fyerlerinin yerde kullan\u0131lan vazge\u00e7ilmez <strong>reklam sticker\u0131<\/strong>d\u0131r. \u00dczerine kaplanan <strong>Floor graphic<\/strong> malzemesi \u00a0sayesinde \u00fcst\u00fcnden \u00a0binlerce insan ge\u00e7se bile veya herg\u00fcn deterjanl\u0131 sularla yerler silinse bile etkisini uzun s\u00fcreler kaybetmemektedir. <strong>\u0130stanbul Bask\u0131<\/strong> \u015firketimiz, farkl\u0131 bask\u0131 teknikleri ile <strong>3 boyutlu<\/strong> yer stickerlar\u0131 konusunda T\u00fcrkiye\u2019nin en ba\u015far\u0131l\u0131 firmas\u0131 olma \u00fcnvan\u0131n\u0131 korumaktad\u0131r. Ayn\u0131\u00a0 zamanda bu \u00fcr\u00fcn y\u00f6nlendirme olarak ta kullan\u0131labilir.<\/p>\n","protected":false},"excerpt":{"rendered":"<p>AVM ve i\u015fyerlerinin yerde kullan\u0131lan vazge\u00e7ilmez reklam sticker\u0131d\u0131r. \u00dczerine kaplanan Floor graphic malzemesi \u00a0sayesinde \u00fcst\u00fcnden \u00a0binlerce insan ge\u00e7se bile veya herg\u00fcn deterjanl\u0131 sularla yerler silinse bile etkisini uzun s\u00fcreler kaybetmemektedir. \u0130stanbul Bask\u0131<a class=\"moretag\" href=\"https:\/\/istanbulbaskimerkezi.com\/?page_id=153\">Read More&#8230;<\/a><\/p>\n","protected":false},"author":1,"featured_media":0,"parent":122,"menu_order":0,"comment_status":"closed","ping_status":"closed","template":"","meta":{"_monsterinsights_skip_tracking":false,"_monsterinsights_sitenote_active":false,"_monsterinsights_sitenote_note":"","_monsterinsights_sitenote_category":0,"footnotes":""},"class_list":["post-153","page","type-page","status-publish","hentry"],"_links":{"self":[{"href":"https:\/\/istanbulbaskimerkezi.com\/index.php?rest_route=\/wp\/v2\/pages\/153","targetHints":{"allow":["GET"]}}],"collection":[{"href":"https:\/\/istanbulbaskimerkezi.com\/index.php?rest_route=\/wp\/v2\/pages"}],"about":[{"href":"https:\/\/istanbulbaskimerkezi.com\/index.php?rest_route=\/wp\/v2\/types\/page"}],"author":[{"embeddable":true,"href":"https:\/\/istanbulbaskimerkezi.com\/index.php?rest_route=\/wp\/v2\/users\/1"}],"replies":[{"embeddable":true,"href":"https:\/\/istanbulbaskimerkezi.com\/index.php?rest_route=%2Fwp%2Fv2%2Fcomments&post=153"}],"version-history":[{"count":1,"href":"https:\/\/istanbulbaskimerkezi.com\/index.php?rest_route=\/wp\/v2\/pages\/153\/revisions"}],"predecessor-version":[{"id":154,"href":"https:\/\/istanbulbaskimerkezi.com\/index.php?rest_route=\/wp\/v2\/pages\/153\/revisions\/154"}],"up":[{"embeddable":true,"href":"https:\/\/istanbulbaskimerkezi.com\/index.php?rest_route=\/wp\/v2\/pages\/122"}],"wp:attachment":[{"href":"https:\/\/istanbulbaskimerkezi.com\/index.php?rest_route=%2Fwp%2Fv2%2Fmedia&parent=153"}],"curies":[{"name":"wp","href":"https:\/\/api.w.org\/{rel}","templated":true}]}}