{"id":155,"date":"2020-12-29T17:07:26","date_gmt":"2020-12-29T17:07:26","guid":{"rendered":"http:\/\/istanbulbaskimerkezi.com\/?page_id=155"},"modified":"2020-12-29T17:07:36","modified_gmt":"2020-12-29T17:07:36","slug":"folyo-kesim","status":"publish","type":"page","link":"https:\/\/istanbulbaskimerkezi.com\/?page_id=155","title":{"rendered":"Folyo Kesim"},"content":{"rendered":"\n<p><strong>Yap\u0131\u015fkan Folyo<\/strong>; Ara\u00e7 \u00fcst\u00fc yaz\u0131larda, vitrin tasar\u0131mlar\u0131nda, kampanya ve indirim yaz\u0131lar\u0131nda, tabelalarda, vitrin s\u00fcslemelerinde, i\u00e7 mekan &#8211; d\u0131\u015f mekan ofis dekorasyonlar\u0131nda ve bir \u00e7ok farkl\u0131 tasar\u0131mda kendini g\u00f6stermektedir. Son zamanlarda evlerin duvarlar\u0131n\u0131 da s\u00fcsleyen folyolar, \u00e7e\u015fitli g\u00f6rsel tasar\u0131mlarla ve <strong>folyo<\/strong> kesimlerle evlere renk katmaktad\u0131r.<\/p>\n","protected":false},"excerpt":{"rendered":"<p>Yap\u0131\u015fkan Folyo; Ara\u00e7 \u00fcst\u00fc yaz\u0131larda, vitrin tasar\u0131mlar\u0131nda, kampanya ve indirim yaz\u0131lar\u0131nda, tabelalarda, vitrin s\u00fcslemelerinde, i\u00e7 mekan &#8211; d\u0131\u015f mekan ofis dekorasyonlar\u0131nda ve bir \u00e7ok farkl\u0131 tasar\u0131mda kendini g\u00f6stermektedir. Son zamanlarda evlerin duvarlar\u0131n\u0131<a class=\"moretag\" href=\"https:\/\/istanbulbaskimerkezi.com\/?page_id=155\">Read More&#8230;<\/a><\/p>\n","protected":false},"author":1,"featured_media":0,"parent":122,"menu_order":0,"comment_status":"closed","ping_status":"closed","template":"","meta":{"_monsterinsights_skip_tracking":false,"_monsterinsights_sitenote_active":false,"_monsterinsights_sitenote_note":"","_monsterinsights_sitenote_category":0,"footnotes":""},"class_list":["post-155","page","type-page","status-publish","hentry"],"_links":{"self":[{"href":"https:\/\/istanbulbaskimerkezi.com\/index.php?rest_route=\/wp\/v2\/pages\/155","targetHints":{"allow":["GET"]}}],"collection":[{"href":"https:\/\/istanbulbaskimerkezi.com\/index.php?rest_route=\/wp\/v2\/pages"}],"about":[{"href":"https:\/\/istanbulbaskimerkezi.com\/index.php?rest_route=\/wp\/v2\/types\/page"}],"author":[{"embeddable":true,"href":"https:\/\/istanbulbaskimerkezi.com\/index.php?rest_route=\/wp\/v2\/users\/1"}],"replies":[{"embeddable":true,"href":"https:\/\/istanbulbaskimerkezi.com\/index.php?rest_route=%2Fwp%2Fv2%2Fcomments&post=155"}],"version-history":[{"count":1,"href":"https:\/\/istanbulbaskimerkezi.com\/index.php?rest_route=\/wp\/v2\/pages\/155\/revisions"}],"predecessor-version":[{"id":156,"href":"https:\/\/istanbulbaskimerkezi.com\/index.php?rest_route=\/wp\/v2\/pages\/155\/revisions\/156"}],"up":[{"embeddable":true,"href":"https:\/\/istanbulbaskimerkezi.com\/index.php?rest_route=\/wp\/v2\/pages\/122"}],"wp:attachment":[{"href":"https:\/\/istanbulbaskimerkezi.com\/index.php?rest_route=%2Fwp%2Fv2%2Fmedia&parent=155"}],"curies":[{"name":"wp","href":"https:\/\/api.w.org\/{rel}","templated":true}]}}