{"id":159,"date":"2020-12-29T17:10:24","date_gmt":"2020-12-29T17:10:24","guid":{"rendered":"http:\/\/istanbulbaskimerkezi.com\/?page_id=159"},"modified":"2021-02-10T09:57:46","modified_gmt":"2021-02-10T09:57:46","slug":"one-way-vision-baski","status":"publish","type":"page","link":"https:\/\/istanbulbaskimerkezi.com\/?page_id=159","title":{"rendered":"One Way Vision Bask\u0131"},"content":{"rendered":"\n<p>Caml\u0131 binalar\u0131n D\u0131\u015f cephelerine; Hem reklam isteyen hemde g\u00f6r\u00fcnt\u00fc kirlili\u011fi olmas\u0131n\u0131 istemeyen yerler i\u00e7in ideal bir <strong>folyo<\/strong> \u00e7esididir. Bu malzemede <strong>mesh vinil<\/strong> gibi delikli olma \u00f6zelli\u011fine sahiptir. Bu \u00f6zellik sayesinde siz de\u011ferli m\u00fc\u015fterilerimiz bu <strong>folyo<\/strong> sayesinde kolayl\u0131kla \u00a0reklam\u0131n\u0131z\u0131 yapabilir ve i\u00e7eride \u0131\u015f\u0131k yanmad\u0131\u011f\u0131 s\u00fcrece \u00f6zellikle g\u00fcnd\u00fczleri d\u0131\u015fardan i\u00e7erisi g\u00f6z\u00fckmeyecektir. Yap\u0131\u015fkanl\u0131 olma \u00f6zelli\u011finden dolay\u0131 vitrin camlar\u0131na ve Caml\u0131 binalar\u0131n D\u0131\u015f cephelerine uygulan\u0131r. (Bu folyo arkadan g\u00fc\u00e7l\u00fc bir \u0131\u015f\u0131k vurdu\u011funda g\u00f6rselde bir kaybolma ya\u015fanmas\u0131na neden olur.)<\/p>\n\n\n\n<figure class=\"wp-block-gallery columns-5 is-cropped wp-block-gallery-1 is-layout-flex wp-block-gallery-is-layout-flex\"><ul class=\"blocks-gallery-grid\"><li class=\"blocks-gallery-item\"><figure><img loading=\"lazy\" decoding=\"async\" width=\"1017\" height=\"777\" src=\"http:\/\/istanbulbaskimerkezi.com\/wp-content\/uploads\/2021\/02\/onewayvision.jpg\" alt=\"cam kapalama\" data-id=\"258\" data-full-url=\"http:\/\/istanbulbaskimerkezi.com\/wp-content\/uploads\/2021\/02\/onewayvision.jpg\" data-link=\"http:\/\/istanbulbaskimerkezi.com\/?attachment_id=258\" class=\"wp-image-258\" srcset=\"https:\/\/istanbulbaskimerkezi.com\/wp-content\/uploads\/2021\/02\/onewayvision.jpg 1017w, https:\/\/istanbulbaskimerkezi.com\/wp-content\/uploads\/2021\/02\/onewayvision-300x229.jpg 300w, https:\/\/istanbulbaskimerkezi.com\/wp-content\/uploads\/2021\/02\/onewayvision-768x587.jpg 768w\" sizes=\"auto, (max-width: 1017px) 100vw, 1017px\" \/><\/figure><\/li><li class=\"blocks-gallery-item\"><figure><img loading=\"lazy\" decoding=\"async\" width=\"1017\" height=\"777\" src=\"http:\/\/istanbulbaskimerkezi.com\/wp-content\/uploads\/2021\/02\/onewayvision2.jpg\" alt=\"one way vision\" data-id=\"259\" data-full-url=\"http:\/\/istanbulbaskimerkezi.com\/wp-content\/uploads\/2021\/02\/onewayvision2.jpg\" data-link=\"http:\/\/istanbulbaskimerkezi.com\/?attachment_id=259\" class=\"wp-image-259\" srcset=\"https:\/\/istanbulbaskimerkezi.com\/wp-content\/uploads\/2021\/02\/onewayvision2.jpg 1017w, https:\/\/istanbulbaskimerkezi.com\/wp-content\/uploads\/2021\/02\/onewayvision2-300x229.jpg 300w, https:\/\/istanbulbaskimerkezi.com\/wp-content\/uploads\/2021\/02\/onewayvision2-768x587.jpg 768w\" sizes=\"auto, (max-width: 1017px) 100vw, 1017px\" \/><\/figure><\/li><li class=\"blocks-gallery-item\"><figure><img loading=\"lazy\" decoding=\"async\" width=\"1017\" height=\"777\" src=\"http:\/\/istanbulbaskimerkezi.com\/wp-content\/uploads\/2020\/12\/onewayvisionkaplama3-1.jpg\" alt=\"cephe kaplama\" data-id=\"92\" data-full-url=\"http:\/\/istanbulbaskimerkezi.com\/wp-content\/uploads\/2020\/12\/onewayvisionkaplama3-1.jpg\" data-link=\"http:\/\/istanbulbaskimerkezi.com\/?attachment_id=92\" class=\"wp-image-92\" srcset=\"https:\/\/istanbulbaskimerkezi.com\/wp-content\/uploads\/2020\/12\/onewayvisionkaplama3-1.jpg 1017w, https:\/\/istanbulbaskimerkezi.com\/wp-content\/uploads\/2020\/12\/onewayvisionkaplama3-1-300x229.jpg 300w, https:\/\/istanbulbaskimerkezi.com\/wp-content\/uploads\/2020\/12\/onewayvisionkaplama3-1-768x587.jpg 768w\" sizes=\"auto, (max-width: 1017px) 100vw, 1017px\" \/><\/figure><\/li><li class=\"blocks-gallery-item\"><figure><img loading=\"lazy\" decoding=\"async\" width=\"1017\" height=\"777\" src=\"http:\/\/istanbulbaskimerkezi.com\/wp-content\/uploads\/2020\/12\/onewayvisionkaplama2-1.jpg\" alt=\"cephe one way kaplama\" data-id=\"91\" data-full-url=\"http:\/\/istanbulbaskimerkezi.com\/wp-content\/uploads\/2020\/12\/onewayvisionkaplama2-1.jpg\" data-link=\"http:\/\/istanbulbaskimerkezi.com\/?attachment_id=91\" class=\"wp-image-91\" srcset=\"https:\/\/istanbulbaskimerkezi.com\/wp-content\/uploads\/2020\/12\/onewayvisionkaplama2-1.jpg 1017w, https:\/\/istanbulbaskimerkezi.com\/wp-content\/uploads\/2020\/12\/onewayvisionkaplama2-1-300x229.jpg 300w, https:\/\/istanbulbaskimerkezi.com\/wp-content\/uploads\/2020\/12\/onewayvisionkaplama2-1-768x587.jpg 768w\" sizes=\"auto, (max-width: 1017px) 100vw, 1017px\" \/><\/figure><\/li><li class=\"blocks-gallery-item\"><figure><img loading=\"lazy\" decoding=\"async\" width=\"1017\" height=\"777\" src=\"http:\/\/istanbulbaskimerkezi.com\/wp-content\/uploads\/2020\/12\/onewayvisionkaplama-1.jpg\" alt=\"one way vision bask\u0131\" data-id=\"90\" data-full-url=\"http:\/\/istanbulbaskimerkezi.com\/wp-content\/uploads\/2020\/12\/onewayvisionkaplama-1.jpg\" data-link=\"http:\/\/istanbulbaskimerkezi.com\/?attachment_id=90\" class=\"wp-image-90\" srcset=\"https:\/\/istanbulbaskimerkezi.com\/wp-content\/uploads\/2020\/12\/onewayvisionkaplama-1.jpg 1017w, https:\/\/istanbulbaskimerkezi.com\/wp-content\/uploads\/2020\/12\/onewayvisionkaplama-1-300x229.jpg 300w, https:\/\/istanbulbaskimerkezi.com\/wp-content\/uploads\/2020\/12\/onewayvisionkaplama-1-768x587.jpg 768w\" sizes=\"auto, (max-width: 1017px) 100vw, 1017px\" \/><\/figure><\/li><\/ul><\/figure>\n","protected":false},"excerpt":{"rendered":"<p>Caml\u0131 binalar\u0131n D\u0131\u015f cephelerine; Hem reklam isteyen hemde g\u00f6r\u00fcnt\u00fc kirlili\u011fi olmas\u0131n\u0131 istemeyen yerler i\u00e7in ideal bir folyo \u00e7esididir. Bu malzemede mesh vinil gibi delikli olma \u00f6zelli\u011fine sahiptir. Bu \u00f6zellik sayesinde siz de\u011ferli<a class=\"moretag\" href=\"https:\/\/istanbulbaskimerkezi.com\/?page_id=159\">Read More&#8230;<\/a><\/p>\n","protected":false},"author":1,"featured_media":0,"parent":122,"menu_order":0,"comment_status":"closed","ping_status":"closed","template":"","meta":{"_monsterinsights_skip_tracking":false,"_monsterinsights_sitenote_active":false,"_monsterinsights_sitenote_note":"","_monsterinsights_sitenote_category":0,"footnotes":""},"class_list":["post-159","page","type-page","status-publish","hentry"],"_links":{"self":[{"href":"https:\/\/istanbulbaskimerkezi.com\/index.php?rest_route=\/wp\/v2\/pages\/159","targetHints":{"allow":["GET"]}}],"collection":[{"href":"https:\/\/istanbulbaskimerkezi.com\/index.php?rest_route=\/wp\/v2\/pages"}],"about":[{"href":"https:\/\/istanbulbaskimerkezi.com\/index.php?rest_route=\/wp\/v2\/types\/page"}],"author":[{"embeddable":true,"href":"https:\/\/istanbulbaskimerkezi.com\/index.php?rest_route=\/wp\/v2\/users\/1"}],"replies":[{"embeddable":true,"href":"https:\/\/istanbulbaskimerkezi.com\/index.php?rest_route=%2Fwp%2Fv2%2Fcomments&post=159"}],"version-history":[{"count":3,"href":"https:\/\/istanbulbaskimerkezi.com\/index.php?rest_route=\/wp\/v2\/pages\/159\/revisions"}],"predecessor-version":[{"id":261,"href":"https:\/\/istanbulbaskimerkezi.com\/index.php?rest_route=\/wp\/v2\/pages\/159\/revisions\/261"}],"up":[{"embeddable":true,"href":"https:\/\/istanbulbaskimerkezi.com\/index.php?rest_route=\/wp\/v2\/pages\/122"}],"wp:attachment":[{"href":"https:\/\/istanbulbaskimerkezi.com\/index.php?rest_route=%2Fwp%2Fv2%2Fmedia&parent=159"}],"curies":[{"name":"wp","href":"https:\/\/api.w.org\/{rel}","templated":true}]}}