{"id":161,"date":"2020-12-29T17:12:00","date_gmt":"2020-12-29T17:12:00","guid":{"rendered":"http:\/\/istanbulbaskimerkezi.com\/?page_id=161"},"modified":"2020-12-29T17:12:13","modified_gmt":"2020-12-29T17:12:13","slug":"roll-up-display-urun","status":"publish","type":"page","link":"https:\/\/istanbulbaskimerkezi.com\/?page_id=161","title":{"rendered":"Roll-up Display \u00dcr\u00fcn"},"content":{"rendered":"\n<p><strong>Rollup (roll banner)<\/strong> kullan\u0131m kolayl\u0131\u011f\u0131ndan dolay\u0131 en \u00e7ok tercih edilen <strong>display stan<\/strong>d reklam \u00fcr\u00fcn\u00fcd\u00fcr. Olduk\u00e7a hafif olan <strong>Rollup<\/strong>\u2019lar her yere rahatl\u0131kla ta\u015f\u0131nabilmesinden dolay\u0131 \u00e7ok tercih edilmektedir. <strong>Rollup<\/strong> (roll banner) otomatik mekanizmas\u0131ndan dolay\u0131, bask\u0131y\u0131 kendili\u011finden i\u00e7erisine sarar. Rolluplar\u2019\u0131n \u00fczerine <strong>vinil bask\u0131 <\/strong>veya <strong>ka\u011f\u0131t bask<\/strong>\u0131 uygulamas\u0131 yap\u0131lmaktad\u0131r. Fuar alanlar\u0131nda, ma\u011fazalarda, ofislerde vb. gibi yerlerde rahatl\u0131kla kullanmak m\u00fcmk\u00fcnd\u00fcr. Rollup standlar en az yer kaplayan stand t\u00fcr\u00fcd\u00fcr. Roll up <strong>stand<\/strong>lar\u2019\u0131n (roll banner) bask\u0131lar\u0131 istenildi\u011fi zaman de\u011fi\u015ftirilebilmektedir. M\u00fc\u015fterilerimiz taraf\u0131ndan en \u00e7ok tercih edilen 85x200cm rollup (roll banner) grafik \u00f6l\u00e7\u00fcs\u00fc 85cm x 207 cm\u2019dir.<\/p>\n","protected":false},"excerpt":{"rendered":"<p>Rollup (roll banner) kullan\u0131m kolayl\u0131\u011f\u0131ndan dolay\u0131 en \u00e7ok tercih edilen display stand reklam \u00fcr\u00fcn\u00fcd\u00fcr. Olduk\u00e7a hafif olan Rollup\u2019lar her yere rahatl\u0131kla ta\u015f\u0131nabilmesinden dolay\u0131 \u00e7ok tercih edilmektedir. Rollup (roll banner) otomatik mekanizmas\u0131ndan dolay\u0131,<a class=\"moretag\" href=\"https:\/\/istanbulbaskimerkezi.com\/?page_id=161\">Read More&#8230;<\/a><\/p>\n","protected":false},"author":1,"featured_media":0,"parent":122,"menu_order":0,"comment_status":"closed","ping_status":"closed","template":"","meta":{"_monsterinsights_skip_tracking":false,"_monsterinsights_sitenote_active":false,"_monsterinsights_sitenote_note":"","_monsterinsights_sitenote_category":0,"footnotes":""},"class_list":["post-161","page","type-page","status-publish","hentry"],"_links":{"self":[{"href":"https:\/\/istanbulbaskimerkezi.com\/index.php?rest_route=\/wp\/v2\/pages\/161","targetHints":{"allow":["GET"]}}],"collection":[{"href":"https:\/\/istanbulbaskimerkezi.com\/index.php?rest_route=\/wp\/v2\/pages"}],"about":[{"href":"https:\/\/istanbulbaskimerkezi.com\/index.php?rest_route=\/wp\/v2\/types\/page"}],"author":[{"embeddable":true,"href":"https:\/\/istanbulbaskimerkezi.com\/index.php?rest_route=\/wp\/v2\/users\/1"}],"replies":[{"embeddable":true,"href":"https:\/\/istanbulbaskimerkezi.com\/index.php?rest_route=%2Fwp%2Fv2%2Fcomments&post=161"}],"version-history":[{"count":1,"href":"https:\/\/istanbulbaskimerkezi.com\/index.php?rest_route=\/wp\/v2\/pages\/161\/revisions"}],"predecessor-version":[{"id":162,"href":"https:\/\/istanbulbaskimerkezi.com\/index.php?rest_route=\/wp\/v2\/pages\/161\/revisions\/162"}],"up":[{"embeddable":true,"href":"https:\/\/istanbulbaskimerkezi.com\/index.php?rest_route=\/wp\/v2\/pages\/122"}],"wp:attachment":[{"href":"https:\/\/istanbulbaskimerkezi.com\/index.php?rest_route=%2Fwp%2Fv2%2Fmedia&parent=161"}],"curies":[{"name":"wp","href":"https:\/\/api.w.org\/{rel}","templated":true}]}}