{"id":165,"date":"2020-12-29T17:14:42","date_gmt":"2020-12-29T17:14:42","guid":{"rendered":"http:\/\/istanbulbaskimerkezi.com\/?page_id=165"},"modified":"2020-12-29T17:14:49","modified_gmt":"2020-12-29T17:14:49","slug":"foreks-fotoblok","status":"publish","type":"page","link":"https:\/\/istanbulbaskimerkezi.com\/?page_id=165","title":{"rendered":"Foreks &#038; Fotoblok"},"content":{"rendered":"\n<p><strong>Foreks (dakota), fotoblok<\/strong>, vs. \u00fczerine <strong>dijital bask\u0131<\/strong> s\u0131vama uygulamas\u0131d\u0131r. Bu malzemeler \u00f6zel kesim yap\u0131larakta kullan\u0131labilir (<strong>Cut Out Kesim<\/strong>). \u0130ste\u011fe g\u00f6re ayakl\u0131 ve ayaks\u0131z olarak kullan\u0131l\u0131r, arkas\u0131na \u00e7ift tarafl\u0131 bant yap\u0131\u015ft\u0131rmak suretiyle duvarlar\u0131n\u0131z\u0131 s\u00fcsleyebilirsiniz. <strong>Foreks<\/strong> malzeme i\u00e7 ve d\u0131\u015f mekanda, <strong>fotoblok<\/strong> malzeme ise sadece i\u00e7 mekanda kullan\u0131lmaktad\u0131r. <strong>3 Boyutlu<\/strong> \u00fcretimi T\u00fcrkiye\u2019de yaln\u0131zca firmam\u0131zda yap\u0131lmaktad\u0131r. Ma\u011faza, cafe veya restoranlar\u0131n \u00f6n\u00fcnde, tezgah \u00fcst\u00fcnde ve duvarlarda men\u00fc posteri gibi g\u00f6rsellerinizi sergileyebilece\u011finiz pratik etkileyici bir \u00fcr\u00fcnd\u00fcr. Posterlerinizin bozulmamas\u0131 i\u00e7in i\u00e7 mekan bask\u0131larda \u00f6n y\u00fczeyine parlak veya mat laminasyon atarak korunmas\u0131 sa\u011flan\u0131r. Tavana misina ile as\u0131lan d\u00f6nkartlar Ma\u011fazalar\u0131n renkli g\u00f6r\u00fcnmelerini sa\u011flamaktad\u0131r. Etkili bir reklam malzemesidir.<\/p>\n","protected":false},"excerpt":{"rendered":"<p>Foreks (dakota), fotoblok, vs. \u00fczerine dijital bask\u0131 s\u0131vama uygulamas\u0131d\u0131r. Bu malzemeler \u00f6zel kesim yap\u0131larakta kullan\u0131labilir (Cut Out Kesim). \u0130ste\u011fe g\u00f6re ayakl\u0131 ve ayaks\u0131z olarak kullan\u0131l\u0131r, arkas\u0131na \u00e7ift tarafl\u0131 bant yap\u0131\u015ft\u0131rmak suretiyle duvarlar\u0131n\u0131z\u0131<a class=\"moretag\" href=\"https:\/\/istanbulbaskimerkezi.com\/?page_id=165\">Read More&#8230;<\/a><\/p>\n","protected":false},"author":1,"featured_media":0,"parent":122,"menu_order":0,"comment_status":"closed","ping_status":"closed","template":"","meta":{"_monsterinsights_skip_tracking":false,"_monsterinsights_sitenote_active":false,"_monsterinsights_sitenote_note":"","_monsterinsights_sitenote_category":0,"footnotes":""},"class_list":["post-165","page","type-page","status-publish","hentry"],"_links":{"self":[{"href":"https:\/\/istanbulbaskimerkezi.com\/index.php?rest_route=\/wp\/v2\/pages\/165","targetHints":{"allow":["GET"]}}],"collection":[{"href":"https:\/\/istanbulbaskimerkezi.com\/index.php?rest_route=\/wp\/v2\/pages"}],"about":[{"href":"https:\/\/istanbulbaskimerkezi.com\/index.php?rest_route=\/wp\/v2\/types\/page"}],"author":[{"embeddable":true,"href":"https:\/\/istanbulbaskimerkezi.com\/index.php?rest_route=\/wp\/v2\/users\/1"}],"replies":[{"embeddable":true,"href":"https:\/\/istanbulbaskimerkezi.com\/index.php?rest_route=%2Fwp%2Fv2%2Fcomments&post=165"}],"version-history":[{"count":1,"href":"https:\/\/istanbulbaskimerkezi.com\/index.php?rest_route=\/wp\/v2\/pages\/165\/revisions"}],"predecessor-version":[{"id":166,"href":"https:\/\/istanbulbaskimerkezi.com\/index.php?rest_route=\/wp\/v2\/pages\/165\/revisions\/166"}],"up":[{"embeddable":true,"href":"https:\/\/istanbulbaskimerkezi.com\/index.php?rest_route=\/wp\/v2\/pages\/122"}],"wp:attachment":[{"href":"https:\/\/istanbulbaskimerkezi.com\/index.php?rest_route=%2Fwp%2Fv2%2Fmedia&parent=165"}],"curies":[{"name":"wp","href":"https:\/\/api.w.org\/{rel}","templated":true}]}}