{"id":169,"date":"2020-12-29T17:17:21","date_gmt":"2020-12-29T17:17:21","guid":{"rendered":"http:\/\/istanbulbaskimerkezi.com\/?page_id=169"},"modified":"2020-12-29T17:17:36","modified_gmt":"2020-12-29T17:17:36","slug":"matbaa-hizmetleri","status":"publish","type":"page","link":"https:\/\/istanbulbaskimerkezi.com\/?page_id=169","title":{"rendered":"Matbaa Hizmetleri"},"content":{"rendered":"\n<p>Firmam\u0131zda <strong>kartvizit<\/strong>, <strong>antetli ka\u011f\u0131t<\/strong>, <strong>bro\u015f\u00fcr<\/strong>, <strong>el ilan\u0131<\/strong> (flyer), <strong>katalog<\/strong>, <strong>zarf<\/strong>, <strong>poster <\/strong>&#8211; <strong>afi\u015f<\/strong>, <strong>cepli dosya<\/strong>, <strong>etiket<\/strong> (<strong>sticker<\/strong>), <strong>ka\u011f\u0131t \u00e7anta<\/strong> vs. <strong>grafik<\/strong> ve bask\u0131lar\u0131 yap\u0131lmaktad\u0131r&#8230;<\/p>\n","protected":false},"excerpt":{"rendered":"<p>Firmam\u0131zda kartvizit, antetli ka\u011f\u0131t, bro\u015f\u00fcr, el ilan\u0131 (flyer), katalog, zarf, poster &#8211; afi\u015f, cepli dosya, etiket (sticker), ka\u011f\u0131t \u00e7anta vs. grafik ve bask\u0131lar\u0131 yap\u0131lmaktad\u0131r&#8230;<\/p>\n","protected":false},"author":1,"featured_media":0,"parent":122,"menu_order":0,"comment_status":"closed","ping_status":"closed","template":"","meta":{"_monsterinsights_skip_tracking":false,"_monsterinsights_sitenote_active":false,"_monsterinsights_sitenote_note":"","_monsterinsights_sitenote_category":0,"footnotes":""},"class_list":["post-169","page","type-page","status-publish","hentry"],"_links":{"self":[{"href":"https:\/\/istanbulbaskimerkezi.com\/index.php?rest_route=\/wp\/v2\/pages\/169","targetHints":{"allow":["GET"]}}],"collection":[{"href":"https:\/\/istanbulbaskimerkezi.com\/index.php?rest_route=\/wp\/v2\/pages"}],"about":[{"href":"https:\/\/istanbulbaskimerkezi.com\/index.php?rest_route=\/wp\/v2\/types\/page"}],"author":[{"embeddable":true,"href":"https:\/\/istanbulbaskimerkezi.com\/index.php?rest_route=\/wp\/v2\/users\/1"}],"replies":[{"embeddable":true,"href":"https:\/\/istanbulbaskimerkezi.com\/index.php?rest_route=%2Fwp%2Fv2%2Fcomments&post=169"}],"version-history":[{"count":1,"href":"https:\/\/istanbulbaskimerkezi.com\/index.php?rest_route=\/wp\/v2\/pages\/169\/revisions"}],"predecessor-version":[{"id":170,"href":"https:\/\/istanbulbaskimerkezi.com\/index.php?rest_route=\/wp\/v2\/pages\/169\/revisions\/170"}],"up":[{"embeddable":true,"href":"https:\/\/istanbulbaskimerkezi.com\/index.php?rest_route=\/wp\/v2\/pages\/122"}],"wp:attachment":[{"href":"https:\/\/istanbulbaskimerkezi.com\/index.php?rest_route=%2Fwp%2Fv2%2Fmedia&parent=169"}],"curies":[{"name":"wp","href":"https:\/\/api.w.org\/{rel}","templated":true}]}}