{"id":171,"date":"2020-12-29T17:18:24","date_gmt":"2020-12-29T17:18:24","guid":{"rendered":"http:\/\/istanbulbaskimerkezi.com\/?page_id=171"},"modified":"2021-02-28T12:46:04","modified_gmt":"2021-02-28T12:46:04","slug":"canvas-kanvas-tablo","status":"publish","type":"page","link":"https:\/\/istanbulbaskimerkezi.com\/?page_id=171","title":{"rendered":"Canvas (Kanvas) Tablo"},"content":{"rendered":"\n<p>Bu malzemede resimlerinize ya\u011fl\u0131 boya tablo g\u00f6r\u00fcnt\u00fcs\u00fc verebilirsiniz. Karkas ah\u015fap malzemeye gerilerek evinizde, i\u015fyerinizde duvar\u0131n\u0131za asarak estetik bir g\u00f6r\u00fcnt\u00fc elde edebilirsiniz. Firmam\u0131zda \u00fcretilen <strong>canvas<\/strong> tablolar silinebilir ve uzun s\u00fcre renk koruma garantilidir..&nbsp; Seri olarak \u00fcretilmekte olan <strong>canvas tablo<\/strong>lar toptan ve parekende olarak sat\u0131lmaktad\u0131r.<\/p>\n\n\n\n<figure class=\"wp-block-gallery columns-5 is-cropped wp-block-gallery-1 is-layout-flex wp-block-gallery-is-layout-flex\"><ul class=\"blocks-gallery-grid\"><li class=\"blocks-gallery-item\"><figure><img loading=\"lazy\" decoding=\"async\" width=\"1024\" height=\"785\" src=\"http:\/\/istanbulbaskimerkezi.com\/wp-content\/uploads\/2021\/02\/Screenshot_20200923_201531-1024x785.jpg\" alt=\"\" data-id=\"395\" data-full-url=\"http:\/\/istanbulbaskimerkezi.com\/wp-content\/uploads\/2021\/02\/Screenshot_20200923_201531.jpg\" data-link=\"http:\/\/istanbulbaskimerkezi.com\/?attachment_id=395\" class=\"wp-image-395\" srcset=\"https:\/\/istanbulbaskimerkezi.com\/wp-content\/uploads\/2021\/02\/Screenshot_20200923_201531-1024x785.jpg 1024w, https:\/\/istanbulbaskimerkezi.com\/wp-content\/uploads\/2021\/02\/Screenshot_20200923_201531-300x230.jpg 300w, https:\/\/istanbulbaskimerkezi.com\/wp-content\/uploads\/2021\/02\/Screenshot_20200923_201531-768x589.jpg 768w, https:\/\/istanbulbaskimerkezi.com\/wp-content\/uploads\/2021\/02\/Screenshot_20200923_201531.jpg 1041w\" sizes=\"auto, (max-width: 1024px) 100vw, 1024px\" \/><\/figure><\/li><li class=\"blocks-gallery-item\"><figure><img loading=\"lazy\" decoding=\"async\" width=\"1024\" height=\"769\" src=\"http:\/\/istanbulbaskimerkezi.com\/wp-content\/uploads\/2021\/02\/Screenshot_20200927_134208-1024x769.jpg\" alt=\"\" data-id=\"396\" data-full-url=\"http:\/\/istanbulbaskimerkezi.com\/wp-content\/uploads\/2021\/02\/Screenshot_20200927_134208.jpg\" data-link=\"http:\/\/istanbulbaskimerkezi.com\/?attachment_id=396\" class=\"wp-image-396\" srcset=\"https:\/\/istanbulbaskimerkezi.com\/wp-content\/uploads\/2021\/02\/Screenshot_20200927_134208-1024x769.jpg 1024w, https:\/\/istanbulbaskimerkezi.com\/wp-content\/uploads\/2021\/02\/Screenshot_20200927_134208-300x225.jpg 300w, https:\/\/istanbulbaskimerkezi.com\/wp-content\/uploads\/2021\/02\/Screenshot_20200927_134208-768x577.jpg 768w, https:\/\/istanbulbaskimerkezi.com\/wp-content\/uploads\/2021\/02\/Screenshot_20200927_134208.jpg 1080w\" sizes=\"auto, (max-width: 1024px) 100vw, 1024px\" \/><\/figure><\/li><li class=\"blocks-gallery-item\"><figure><img loading=\"lazy\" decoding=\"async\" width=\"1024\" height=\"773\" src=\"http:\/\/istanbulbaskimerkezi.com\/wp-content\/uploads\/2021\/02\/Screenshot_20200927_140506-1024x773.jpg\" alt=\"\" data-id=\"397\" data-full-url=\"http:\/\/istanbulbaskimerkezi.com\/wp-content\/uploads\/2021\/02\/Screenshot_20200927_140506.jpg\" data-link=\"http:\/\/istanbulbaskimerkezi.com\/?attachment_id=397\" class=\"wp-image-397\" srcset=\"https:\/\/istanbulbaskimerkezi.com\/wp-content\/uploads\/2021\/02\/Screenshot_20200927_140506-1024x773.jpg 1024w, https:\/\/istanbulbaskimerkezi.com\/wp-content\/uploads\/2021\/02\/Screenshot_20200927_140506-300x226.jpg 300w, https:\/\/istanbulbaskimerkezi.com\/wp-content\/uploads\/2021\/02\/Screenshot_20200927_140506-768x580.jpg 768w, https:\/\/istanbulbaskimerkezi.com\/wp-content\/uploads\/2021\/02\/Screenshot_20200927_140506.jpg 1080w\" sizes=\"auto, (max-width: 1024px) 100vw, 1024px\" \/><\/figure><\/li><li class=\"blocks-gallery-item\"><figure><img loading=\"lazy\" decoding=\"async\" width=\"1024\" height=\"772\" src=\"http:\/\/istanbulbaskimerkezi.com\/wp-content\/uploads\/2021\/02\/Screenshot_20200927_140631-1024x772.jpg\" alt=\"\" data-id=\"398\" data-full-url=\"http:\/\/istanbulbaskimerkezi.com\/wp-content\/uploads\/2021\/02\/Screenshot_20200927_140631.jpg\" data-link=\"http:\/\/istanbulbaskimerkezi.com\/?attachment_id=398\" class=\"wp-image-398\" srcset=\"https:\/\/istanbulbaskimerkezi.com\/wp-content\/uploads\/2021\/02\/Screenshot_20200927_140631-1024x772.jpg 1024w, https:\/\/istanbulbaskimerkezi.com\/wp-content\/uploads\/2021\/02\/Screenshot_20200927_140631-300x226.jpg 300w, https:\/\/istanbulbaskimerkezi.com\/wp-content\/uploads\/2021\/02\/Screenshot_20200927_140631-768x579.jpg 768w, https:\/\/istanbulbaskimerkezi.com\/wp-content\/uploads\/2021\/02\/Screenshot_20200927_140631.jpg 1080w\" sizes=\"auto, (max-width: 1024px) 100vw, 1024px\" \/><\/figure><\/li><li class=\"blocks-gallery-item\"><figure><img loading=\"lazy\" decoding=\"async\" width=\"1024\" height=\"773\" src=\"http:\/\/istanbulbaskimerkezi.com\/wp-content\/uploads\/2021\/02\/Screenshot_20200927_140916-1024x773.jpg\" alt=\"\" data-id=\"399\" data-full-url=\"http:\/\/istanbulbaskimerkezi.com\/wp-content\/uploads\/2021\/02\/Screenshot_20200927_140916.jpg\" data-link=\"http:\/\/istanbulbaskimerkezi.com\/?attachment_id=399\" class=\"wp-image-399\" srcset=\"https:\/\/istanbulbaskimerkezi.com\/wp-content\/uploads\/2021\/02\/Screenshot_20200927_140916-1024x773.jpg 1024w, https:\/\/istanbulbaskimerkezi.com\/wp-content\/uploads\/2021\/02\/Screenshot_20200927_140916-300x226.jpg 300w, https:\/\/istanbulbaskimerkezi.com\/wp-content\/uploads\/2021\/02\/Screenshot_20200927_140916-768x580.jpg 768w, https:\/\/istanbulbaskimerkezi.com\/wp-content\/uploads\/2021\/02\/Screenshot_20200927_140916.jpg 1080w\" sizes=\"auto, (max-width: 1024px) 100vw, 1024px\" \/><\/figure><\/li><li class=\"blocks-gallery-item\"><figure><img loading=\"lazy\" decoding=\"async\" width=\"1024\" height=\"773\" src=\"http:\/\/istanbulbaskimerkezi.com\/wp-content\/uploads\/2021\/02\/Screenshot_20200927_140930-1024x773.jpg\" alt=\"\" data-id=\"400\" data-full-url=\"http:\/\/istanbulbaskimerkezi.com\/wp-content\/uploads\/2021\/02\/Screenshot_20200927_140930.jpg\" data-link=\"http:\/\/istanbulbaskimerkezi.com\/?attachment_id=400\" class=\"wp-image-400\" srcset=\"https:\/\/istanbulbaskimerkezi.com\/wp-content\/uploads\/2021\/02\/Screenshot_20200927_140930-1024x773.jpg 1024w, https:\/\/istanbulbaskimerkezi.com\/wp-content\/uploads\/2021\/02\/Screenshot_20200927_140930-300x226.jpg 300w, https:\/\/istanbulbaskimerkezi.com\/wp-content\/uploads\/2021\/02\/Screenshot_20200927_140930-768x580.jpg 768w, https:\/\/istanbulbaskimerkezi.com\/wp-content\/uploads\/2021\/02\/Screenshot_20200927_140930.jpg 1080w\" sizes=\"auto, (max-width: 1024px) 100vw, 1024px\" \/><\/figure><\/li><li class=\"blocks-gallery-item\"><figure><img loading=\"lazy\" decoding=\"async\" width=\"1024\" height=\"582\" src=\"http:\/\/istanbulbaskimerkezi.com\/wp-content\/uploads\/2021\/02\/Screenshot_20200927_143841-1024x582.jpg\" alt=\"\" data-id=\"401\" data-full-url=\"http:\/\/istanbulbaskimerkezi.com\/wp-content\/uploads\/2021\/02\/Screenshot_20200927_143841.jpg\" data-link=\"http:\/\/istanbulbaskimerkezi.com\/?attachment_id=401\" class=\"wp-image-401\" srcset=\"https:\/\/istanbulbaskimerkezi.com\/wp-content\/uploads\/2021\/02\/Screenshot_20200927_143841-1024x582.jpg 1024w, https:\/\/istanbulbaskimerkezi.com\/wp-content\/uploads\/2021\/02\/Screenshot_20200927_143841-300x171.jpg 300w, https:\/\/istanbulbaskimerkezi.com\/wp-content\/uploads\/2021\/02\/Screenshot_20200927_143841-768x437.jpg 768w, https:\/\/istanbulbaskimerkezi.com\/wp-content\/uploads\/2021\/02\/Screenshot_20200927_143841.jpg 1080w\" sizes=\"auto, (max-width: 1024px) 100vw, 1024px\" \/><\/figure><\/li><li class=\"blocks-gallery-item\"><figure><img loading=\"lazy\" decoding=\"async\" width=\"1024\" height=\"581\" src=\"http:\/\/istanbulbaskimerkezi.com\/wp-content\/uploads\/2021\/02\/Screenshot_20200927_143856-1024x581.jpg\" alt=\"\" data-id=\"402\" data-full-url=\"http:\/\/istanbulbaskimerkezi.com\/wp-content\/uploads\/2021\/02\/Screenshot_20200927_143856.jpg\" data-link=\"http:\/\/istanbulbaskimerkezi.com\/?attachment_id=402\" class=\"wp-image-402\" srcset=\"https:\/\/istanbulbaskimerkezi.com\/wp-content\/uploads\/2021\/02\/Screenshot_20200927_143856-1024x581.jpg 1024w, https:\/\/istanbulbaskimerkezi.com\/wp-content\/uploads\/2021\/02\/Screenshot_20200927_143856-300x170.jpg 300w, https:\/\/istanbulbaskimerkezi.com\/wp-content\/uploads\/2021\/02\/Screenshot_20200927_143856-768x436.jpg 768w, https:\/\/istanbulbaskimerkezi.com\/wp-content\/uploads\/2021\/02\/Screenshot_20200927_143856.jpg 1080w\" sizes=\"auto, (max-width: 1024px) 100vw, 1024px\" \/><\/figure><\/li><li class=\"blocks-gallery-item\"><figure><img loading=\"lazy\" decoding=\"async\" width=\"1024\" height=\"617\" src=\"http:\/\/istanbulbaskimerkezi.com\/wp-content\/uploads\/2021\/02\/Screenshot_20200927_143906-1024x617.jpg\" alt=\"\" data-id=\"403\" data-full-url=\"http:\/\/istanbulbaskimerkezi.com\/wp-content\/uploads\/2021\/02\/Screenshot_20200927_143906.jpg\" data-link=\"http:\/\/istanbulbaskimerkezi.com\/?attachment_id=403\" class=\"wp-image-403\" srcset=\"https:\/\/istanbulbaskimerkezi.com\/wp-content\/uploads\/2021\/02\/Screenshot_20200927_143906-1024x617.jpg 1024w, https:\/\/istanbulbaskimerkezi.com\/wp-content\/uploads\/2021\/02\/Screenshot_20200927_143906-300x181.jpg 300w, https:\/\/istanbulbaskimerkezi.com\/wp-content\/uploads\/2021\/02\/Screenshot_20200927_143906-768x463.jpg 768w, https:\/\/istanbulbaskimerkezi.com\/wp-content\/uploads\/2021\/02\/Screenshot_20200927_143906.jpg 1080w\" sizes=\"auto, (max-width: 1024px) 100vw, 1024px\" \/><\/figure><\/li><li class=\"blocks-gallery-item\"><figure><img loading=\"lazy\" decoding=\"async\" width=\"1024\" height=\"767\" src=\"http:\/\/istanbulbaskimerkezi.com\/wp-content\/uploads\/2021\/02\/Screenshot_20200927_145129-1024x767.jpg\" alt=\"\" data-id=\"404\" data-full-url=\"http:\/\/istanbulbaskimerkezi.com\/wp-content\/uploads\/2021\/02\/Screenshot_20200927_145129.jpg\" data-link=\"http:\/\/istanbulbaskimerkezi.com\/?attachment_id=404\" class=\"wp-image-404\" srcset=\"https:\/\/istanbulbaskimerkezi.com\/wp-content\/uploads\/2021\/02\/Screenshot_20200927_145129-1024x767.jpg 1024w, https:\/\/istanbulbaskimerkezi.com\/wp-content\/uploads\/2021\/02\/Screenshot_20200927_145129-300x225.jpg 300w, https:\/\/istanbulbaskimerkezi.com\/wp-content\/uploads\/2021\/02\/Screenshot_20200927_145129-768x575.jpg 768w, https:\/\/istanbulbaskimerkezi.com\/wp-content\/uploads\/2021\/02\/Screenshot_20200927_145129.jpg 1080w\" sizes=\"auto, (max-width: 1024px) 100vw, 1024px\" \/><\/figure><\/li><li class=\"blocks-gallery-item\"><figure><img loading=\"lazy\" decoding=\"async\" width=\"1024\" height=\"778\" src=\"http:\/\/istanbulbaskimerkezi.com\/wp-content\/uploads\/2021\/02\/Screenshot_20200927_154404-1024x778.jpg\" alt=\"\" data-id=\"405\" data-full-url=\"http:\/\/istanbulbaskimerkezi.com\/wp-content\/uploads\/2021\/02\/Screenshot_20200927_154404.jpg\" data-link=\"http:\/\/istanbulbaskimerkezi.com\/?attachment_id=405\" class=\"wp-image-405\" srcset=\"https:\/\/istanbulbaskimerkezi.com\/wp-content\/uploads\/2021\/02\/Screenshot_20200927_154404-1024x778.jpg 1024w, https:\/\/istanbulbaskimerkezi.com\/wp-content\/uploads\/2021\/02\/Screenshot_20200927_154404-300x228.jpg 300w, https:\/\/istanbulbaskimerkezi.com\/wp-content\/uploads\/2021\/02\/Screenshot_20200927_154404-768x584.jpg 768w, https:\/\/istanbulbaskimerkezi.com\/wp-content\/uploads\/2021\/02\/Screenshot_20200927_154404.jpg 1080w\" sizes=\"auto, (max-width: 1024px) 100vw, 1024px\" \/><\/figure><\/li><li class=\"blocks-gallery-item\"><figure><img loading=\"lazy\" decoding=\"async\" width=\"1024\" height=\"768\" src=\"http:\/\/istanbulbaskimerkezi.com\/wp-content\/uploads\/2021\/02\/Screenshot_20200927_154739-1024x768.jpg\" alt=\"\" data-id=\"406\" data-full-url=\"http:\/\/istanbulbaskimerkezi.com\/wp-content\/uploads\/2021\/02\/Screenshot_20200927_154739.jpg\" data-link=\"http:\/\/istanbulbaskimerkezi.com\/?attachment_id=406\" class=\"wp-image-406\" srcset=\"https:\/\/istanbulbaskimerkezi.com\/wp-content\/uploads\/2021\/02\/Screenshot_20200927_154739-1024x768.jpg 1024w, https:\/\/istanbulbaskimerkezi.com\/wp-content\/uploads\/2021\/02\/Screenshot_20200927_154739-300x225.jpg 300w, https:\/\/istanbulbaskimerkezi.com\/wp-content\/uploads\/2021\/02\/Screenshot_20200927_154739-768x576.jpg 768w, https:\/\/istanbulbaskimerkezi.com\/wp-content\/uploads\/2021\/02\/Screenshot_20200927_154739.jpg 1080w\" sizes=\"auto, (max-width: 1024px) 100vw, 1024px\" \/><\/figure><\/li><li class=\"blocks-gallery-item\"><figure><img loading=\"lazy\" decoding=\"async\" width=\"1024\" height=\"784\" src=\"http:\/\/istanbulbaskimerkezi.com\/wp-content\/uploads\/2021\/02\/Screenshot_20200927_155110-1024x784.jpg\" alt=\"\" data-id=\"407\" data-full-url=\"http:\/\/istanbulbaskimerkezi.com\/wp-content\/uploads\/2021\/02\/Screenshot_20200927_155110.jpg\" data-link=\"http:\/\/istanbulbaskimerkezi.com\/?attachment_id=407\" class=\"wp-image-407\" srcset=\"https:\/\/istanbulbaskimerkezi.com\/wp-content\/uploads\/2021\/02\/Screenshot_20200927_155110-1024x784.jpg 1024w, https:\/\/istanbulbaskimerkezi.com\/wp-content\/uploads\/2021\/02\/Screenshot_20200927_155110-300x230.jpg 300w, https:\/\/istanbulbaskimerkezi.com\/wp-content\/uploads\/2021\/02\/Screenshot_20200927_155110-768x588.jpg 768w, https:\/\/istanbulbaskimerkezi.com\/wp-content\/uploads\/2021\/02\/Screenshot_20200927_155110.jpg 1080w\" sizes=\"auto, (max-width: 1024px) 100vw, 1024px\" \/><\/figure><\/li><li class=\"blocks-gallery-item\"><figure><img loading=\"lazy\" decoding=\"async\" width=\"1024\" height=\"769\" src=\"http:\/\/istanbulbaskimerkezi.com\/wp-content\/uploads\/2021\/02\/Screenshot_20200927_155523-1024x769.jpg\" alt=\"\" data-id=\"408\" data-full-url=\"http:\/\/istanbulbaskimerkezi.com\/wp-content\/uploads\/2021\/02\/Screenshot_20200927_155523.jpg\" data-link=\"http:\/\/istanbulbaskimerkezi.com\/?attachment_id=408\" class=\"wp-image-408\" srcset=\"https:\/\/istanbulbaskimerkezi.com\/wp-content\/uploads\/2021\/02\/Screenshot_20200927_155523-1024x769.jpg 1024w, https:\/\/istanbulbaskimerkezi.com\/wp-content\/uploads\/2021\/02\/Screenshot_20200927_155523-300x225.jpg 300w, https:\/\/istanbulbaskimerkezi.com\/wp-content\/uploads\/2021\/02\/Screenshot_20200927_155523-768x577.jpg 768w, https:\/\/istanbulbaskimerkezi.com\/wp-content\/uploads\/2021\/02\/Screenshot_20200927_155523.jpg 1080w\" sizes=\"auto, (max-width: 1024px) 100vw, 1024px\" \/><\/figure><\/li><li class=\"blocks-gallery-item\"><figure><img loading=\"lazy\" decoding=\"async\" width=\"1024\" height=\"774\" src=\"http:\/\/istanbulbaskimerkezi.com\/wp-content\/uploads\/2021\/02\/Screenshot_20200927_160014-1024x774.jpg\" alt=\"\" data-id=\"409\" data-full-url=\"http:\/\/istanbulbaskimerkezi.com\/wp-content\/uploads\/2021\/02\/Screenshot_20200927_160014.jpg\" data-link=\"http:\/\/istanbulbaskimerkezi.com\/?attachment_id=409\" class=\"wp-image-409\" srcset=\"https:\/\/istanbulbaskimerkezi.com\/wp-content\/uploads\/2021\/02\/Screenshot_20200927_160014-1024x774.jpg 1024w, https:\/\/istanbulbaskimerkezi.com\/wp-content\/uploads\/2021\/02\/Screenshot_20200927_160014-300x227.jpg 300w, https:\/\/istanbulbaskimerkezi.com\/wp-content\/uploads\/2021\/02\/Screenshot_20200927_160014-768x580.jpg 768w, https:\/\/istanbulbaskimerkezi.com\/wp-content\/uploads\/2021\/02\/Screenshot_20200927_160014.jpg 1080w\" sizes=\"auto, (max-width: 1024px) 100vw, 1024px\" \/><\/figure><\/li><\/ul><\/figure>\n","protected":false},"excerpt":{"rendered":"<p>Bu malzemede resimlerinize ya\u011fl\u0131 boya tablo g\u00f6r\u00fcnt\u00fcs\u00fc verebilirsiniz. Karkas ah\u015fap malzemeye gerilerek evinizde, i\u015fyerinizde duvar\u0131n\u0131za asarak estetik bir g\u00f6r\u00fcnt\u00fc elde edebilirsiniz. Firmam\u0131zda \u00fcretilen canvas tablolar silinebilir ve uzun s\u00fcre renk koruma garantilidir..&nbsp;<a class=\"moretag\" href=\"https:\/\/istanbulbaskimerkezi.com\/?page_id=171\">Read More&#8230;<\/a><\/p>\n","protected":false},"author":1,"featured_media":0,"parent":122,"menu_order":0,"comment_status":"closed","ping_status":"closed","template":"","meta":{"_monsterinsights_skip_tracking":false,"_monsterinsights_sitenote_active":false,"_monsterinsights_sitenote_note":"","_monsterinsights_sitenote_category":0,"footnotes":""},"class_list":["post-171","page","type-page","status-publish","hentry"],"_links":{"self":[{"href":"https:\/\/istanbulbaskimerkezi.com\/index.php?rest_route=\/wp\/v2\/pages\/171","targetHints":{"allow":["GET"]}}],"collection":[{"href":"https:\/\/istanbulbaskimerkezi.com\/index.php?rest_route=\/wp\/v2\/pages"}],"about":[{"href":"https:\/\/istanbulbaskimerkezi.com\/index.php?rest_route=\/wp\/v2\/types\/page"}],"author":[{"embeddable":true,"href":"https:\/\/istanbulbaskimerkezi.com\/index.php?rest_route=\/wp\/v2\/users\/1"}],"replies":[{"embeddable":true,"href":"https:\/\/istanbulbaskimerkezi.com\/index.php?rest_route=%2Fwp%2Fv2%2Fcomments&post=171"}],"version-history":[{"count":7,"href":"https:\/\/istanbulbaskimerkezi.com\/index.php?rest_route=\/wp\/v2\/pages\/171\/revisions"}],"predecessor-version":[{"id":415,"href":"https:\/\/istanbulbaskimerkezi.com\/index.php?rest_route=\/wp\/v2\/pages\/171\/revisions\/415"}],"up":[{"embeddable":true,"href":"https:\/\/istanbulbaskimerkezi.com\/index.php?rest_route=\/wp\/v2\/pages\/122"}],"wp:attachment":[{"href":"https:\/\/istanbulbaskimerkezi.com\/index.php?rest_route=%2Fwp%2Fv2%2Fmedia&parent=171"}],"curies":[{"name":"wp","href":"https:\/\/api.w.org\/{rel}","templated":true}]}}