{"id":175,"date":"2020-12-29T17:27:49","date_gmt":"2020-12-29T17:27:49","guid":{"rendered":"http:\/\/istanbulbaskimerkezi.com\/?page_id=175"},"modified":"2022-01-15T22:41:56","modified_gmt":"2022-01-15T22:41:56","slug":"fuar-stand-hizmetleri","status":"publish","type":"page","link":"https:\/\/istanbulbaskimerkezi.com\/?page_id=175","title":{"rendered":"Fuar Stand Hizmetleri"},"content":{"rendered":"\n<p><strong>Fuar Standlar\u0131<\/strong> kat\u0131l\u0131m g\u00f6sterdi\u011finiz herhangi bir fuarda <strong>fuar<\/strong> s\u00fcresince kullanm\u0131\u015f oldu\u011funuz ofisiniz ve showroomunuzdur.\u00a0<strong>Fua<\/strong>r\u00a0s\u00fcresince m\u00fc\u015fterileriniz, rakipleriniz ve sekt\u00f6r i\u00e7inden dostlar\u0131n\u0131z stand\u0131n\u0131z\u0131 ziyaret edecektir. Dolay\u0131s\u0131yla yapt\u0131rm\u0131\u015f oldu\u011funuz <strong>stand<\/strong> sizi ve firman\u0131z\u0131 ne kadar iyi temsil ederse fuardan o kadar olumlu sonu\u00e7lar alman\u0131z\u0131 sa\u011flayacakt\u0131r.<\/p>\n\n\n\n<div class=\"wp-block-columns is-layout-flex wp-container-core-columns-is-layout-9d6595d7 wp-block-columns-is-layout-flex\">\n<div class=\"wp-block-column is-layout-flow wp-block-column-is-layout-flow\">\n<div class=\"wp-block-columns is-layout-flex wp-container-core-columns-is-layout-9d6595d7 wp-block-columns-is-layout-flex\">\n<div class=\"wp-block-column is-layout-flow wp-block-column-is-layout-flow\">\n<figure class=\"wp-block-image size-full\"><img loading=\"lazy\" decoding=\"async\" width=\"960\" height=\"540\" src=\"http:\/\/istanbulbaskimerkezi.com\/wp-content\/uploads\/2022\/01\/12743895_129962707392729_890323765787485527_n-1.jpg\" alt=\"\" class=\"wp-image-509\" srcset=\"https:\/\/istanbulbaskimerkezi.com\/wp-content\/uploads\/2022\/01\/12743895_129962707392729_890323765787485527_n-1.jpg 960w, https:\/\/istanbulbaskimerkezi.com\/wp-content\/uploads\/2022\/01\/12743895_129962707392729_890323765787485527_n-1-300x169.jpg 300w, https:\/\/istanbulbaskimerkezi.com\/wp-content\/uploads\/2022\/01\/12743895_129962707392729_890323765787485527_n-1-768x432.jpg 768w\" sizes=\"auto, (max-width: 960px) 100vw, 960px\" \/><\/figure>\n<\/div>\n\n\n\n<div class=\"wp-block-column is-layout-flow wp-block-column-is-layout-flow\">\n<figure class=\"wp-block-image size-full\"><img loading=\"lazy\" decoding=\"async\" width=\"960\" height=\"540\" src=\"http:\/\/istanbulbaskimerkezi.com\/wp-content\/uploads\/2022\/01\/12743895_129962797392720_447941002746689954_n.jpg\" alt=\"\" class=\"wp-image-511\" srcset=\"https:\/\/istanbulbaskimerkezi.com\/wp-content\/uploads\/2022\/01\/12743895_129962797392720_447941002746689954_n.jpg 960w, https:\/\/istanbulbaskimerkezi.com\/wp-content\/uploads\/2022\/01\/12743895_129962797392720_447941002746689954_n-300x169.jpg 300w, https:\/\/istanbulbaskimerkezi.com\/wp-content\/uploads\/2022\/01\/12743895_129962797392720_447941002746689954_n-768x432.jpg 768w\" sizes=\"auto, (max-width: 960px) 100vw, 960px\" \/><\/figure>\n<\/div>\n<\/div>\n<\/div>\n<\/div>\n\n\n\n<div class=\"wp-block-columns is-layout-flex wp-container-core-columns-is-layout-9d6595d7 wp-block-columns-is-layout-flex\">\n<div class=\"wp-block-column is-layout-flow wp-block-column-is-layout-flow\">\n<figure class=\"wp-block-image size-full\"><img loading=\"lazy\" decoding=\"async\" width=\"960\" height=\"720\" src=\"http:\/\/istanbulbaskimerkezi.com\/wp-content\/uploads\/2022\/01\/13000184_233263287062670_360780458231444481_n.jpg\" alt=\"\" class=\"wp-image-512\" srcset=\"https:\/\/istanbulbaskimerkezi.com\/wp-content\/uploads\/2022\/01\/13000184_233263287062670_360780458231444481_n.jpg 960w, https:\/\/istanbulbaskimerkezi.com\/wp-content\/uploads\/2022\/01\/13000184_233263287062670_360780458231444481_n-300x225.jpg 300w, https:\/\/istanbulbaskimerkezi.com\/wp-content\/uploads\/2022\/01\/13000184_233263287062670_360780458231444481_n-768x576.jpg 768w\" sizes=\"auto, (max-width: 960px) 100vw, 960px\" \/><\/figure>\n<\/div>\n\n\n\n<div class=\"wp-block-column is-layout-flow wp-block-column-is-layout-flow\">\n<figure class=\"wp-block-image size-full\"><img loading=\"lazy\" decoding=\"async\" width=\"960\" height=\"720\" src=\"http:\/\/istanbulbaskimerkezi.com\/wp-content\/uploads\/2022\/01\/13001323_233262997062699_1434114058311338203_n.jpg\" alt=\"\" class=\"wp-image-513\" srcset=\"https:\/\/istanbulbaskimerkezi.com\/wp-content\/uploads\/2022\/01\/13001323_233262997062699_1434114058311338203_n.jpg 960w, https:\/\/istanbulbaskimerkezi.com\/wp-content\/uploads\/2022\/01\/13001323_233262997062699_1434114058311338203_n-300x225.jpg 300w, https:\/\/istanbulbaskimerkezi.com\/wp-content\/uploads\/2022\/01\/13001323_233262997062699_1434114058311338203_n-768x576.jpg 768w\" sizes=\"auto, (max-width: 960px) 100vw, 960px\" \/><\/figure>\n<\/div>\n<\/div>\n\n\n\n<div class=\"wp-block-columns is-layout-flex wp-container-core-columns-is-layout-9d6595d7 wp-block-columns-is-layout-flex\">\n<div class=\"wp-block-column is-layout-flow wp-block-column-is-layout-flow\">\n<figure class=\"wp-block-image size-full\"><img loading=\"lazy\" decoding=\"async\" width=\"960\" height=\"720\" src=\"http:\/\/istanbulbaskimerkezi.com\/wp-content\/uploads\/2022\/01\/13239113_262404794148519_5557155559805932607_n.jpg\" alt=\"\" class=\"wp-image-514\" srcset=\"https:\/\/istanbulbaskimerkezi.com\/wp-content\/uploads\/2022\/01\/13239113_262404794148519_5557155559805932607_n.jpg 960w, https:\/\/istanbulbaskimerkezi.com\/wp-content\/uploads\/2022\/01\/13239113_262404794148519_5557155559805932607_n-300x225.jpg 300w, https:\/\/istanbulbaskimerkezi.com\/wp-content\/uploads\/2022\/01\/13239113_262404794148519_5557155559805932607_n-768x576.jpg 768w\" sizes=\"auto, (max-width: 960px) 100vw, 960px\" \/><\/figure>\n<\/div>\n\n\n\n<div class=\"wp-block-column is-layout-flow wp-block-column-is-layout-flow\">\n<figure class=\"wp-block-image size-full\"><img loading=\"lazy\" decoding=\"async\" width=\"960\" height=\"720\" src=\"http:\/\/istanbulbaskimerkezi.com\/wp-content\/uploads\/2022\/01\/13260007_262404764148522_3599583424162489023_n.jpg\" alt=\"\" class=\"wp-image-515\" srcset=\"https:\/\/istanbulbaskimerkezi.com\/wp-content\/uploads\/2022\/01\/13260007_262404764148522_3599583424162489023_n.jpg 960w, https:\/\/istanbulbaskimerkezi.com\/wp-content\/uploads\/2022\/01\/13260007_262404764148522_3599583424162489023_n-300x225.jpg 300w, https:\/\/istanbulbaskimerkezi.com\/wp-content\/uploads\/2022\/01\/13260007_262404764148522_3599583424162489023_n-768x576.jpg 768w\" sizes=\"auto, (max-width: 960px) 100vw, 960px\" \/><\/figure>\n<\/div>\n<\/div>\n\n\n\n<div class=\"wp-block-columns is-layout-flex wp-container-core-columns-is-layout-9d6595d7 wp-block-columns-is-layout-flex\">\n<div class=\"wp-block-column is-layout-flow wp-block-column-is-layout-flow\">\n<figure class=\"wp-block-image size-full\"><img loading=\"lazy\" decoding=\"async\" width=\"960\" height=\"720\" src=\"http:\/\/istanbulbaskimerkezi.com\/wp-content\/uploads\/2022\/01\/1618445_198998533822479_5810809521285666217_n.jpg\" alt=\"\" class=\"wp-image-516\" srcset=\"https:\/\/istanbulbaskimerkezi.com\/wp-content\/uploads\/2022\/01\/1618445_198998533822479_5810809521285666217_n.jpg 960w, https:\/\/istanbulbaskimerkezi.com\/wp-content\/uploads\/2022\/01\/1618445_198998533822479_5810809521285666217_n-300x225.jpg 300w, https:\/\/istanbulbaskimerkezi.com\/wp-content\/uploads\/2022\/01\/1618445_198998533822479_5810809521285666217_n-768x576.jpg 768w\" sizes=\"auto, (max-width: 960px) 100vw, 960px\" \/><\/figure>\n<\/div>\n\n\n\n<div class=\"wp-block-column is-layout-flow wp-block-column-is-layout-flow\">\n<figure class=\"wp-block-image size-full\"><img loading=\"lazy\" decoding=\"async\" width=\"960\" height=\"720\" src=\"http:\/\/istanbulbaskimerkezi.com\/wp-content\/uploads\/2022\/01\/12592599_198998693822463_3846970819444031944_n.jpg\" alt=\"\" class=\"wp-image-517\" srcset=\"https:\/\/istanbulbaskimerkezi.com\/wp-content\/uploads\/2022\/01\/12592599_198998693822463_3846970819444031944_n.jpg 960w, https:\/\/istanbulbaskimerkezi.com\/wp-content\/uploads\/2022\/01\/12592599_198998693822463_3846970819444031944_n-300x225.jpg 300w, https:\/\/istanbulbaskimerkezi.com\/wp-content\/uploads\/2022\/01\/12592599_198998693822463_3846970819444031944_n-768x576.jpg 768w\" sizes=\"auto, (max-width: 960px) 100vw, 960px\" \/><\/figure>\n<\/div>\n<\/div>\n\n\n\n<div class=\"wp-block-columns is-layout-flex wp-container-core-columns-is-layout-9d6595d7 wp-block-columns-is-layout-flex\">\n<div class=\"wp-block-column is-layout-flow wp-block-column-is-layout-flow\">\n<figure class=\"wp-block-image size-full\"><img loading=\"lazy\" decoding=\"async\" width=\"960\" height=\"540\" src=\"http:\/\/istanbulbaskimerkezi.com\/wp-content\/uploads\/2022\/01\/10154392_127541867634813_565164496019494226_n.jpg\" alt=\"\" class=\"wp-image-518\" srcset=\"https:\/\/istanbulbaskimerkezi.com\/wp-content\/uploads\/2022\/01\/10154392_127541867634813_565164496019494226_n.jpg 960w, https:\/\/istanbulbaskimerkezi.com\/wp-content\/uploads\/2022\/01\/10154392_127541867634813_565164496019494226_n-300x169.jpg 300w, https:\/\/istanbulbaskimerkezi.com\/wp-content\/uploads\/2022\/01\/10154392_127541867634813_565164496019494226_n-768x432.jpg 768w\" sizes=\"auto, (max-width: 960px) 100vw, 960px\" \/><\/figure>\n<\/div>\n\n\n\n<div class=\"wp-block-column is-layout-flow wp-block-column-is-layout-flow\">\n<figure class=\"wp-block-image size-full\"><img loading=\"lazy\" decoding=\"async\" width=\"960\" height=\"540\" src=\"http:\/\/istanbulbaskimerkezi.com\/wp-content\/uploads\/2022\/01\/12717181_127542037634796_849040747564465807_n.jpg\" alt=\"\" class=\"wp-image-519\" srcset=\"https:\/\/istanbulbaskimerkezi.com\/wp-content\/uploads\/2022\/01\/12717181_127542037634796_849040747564465807_n.jpg 960w, https:\/\/istanbulbaskimerkezi.com\/wp-content\/uploads\/2022\/01\/12717181_127542037634796_849040747564465807_n-300x169.jpg 300w, https:\/\/istanbulbaskimerkezi.com\/wp-content\/uploads\/2022\/01\/12717181_127542037634796_849040747564465807_n-768x432.jpg 768w\" sizes=\"auto, (max-width: 960px) 100vw, 960px\" \/><\/figure>\n<\/div>\n<\/div>\n\n\n\n<div class=\"wp-block-columns is-layout-flex wp-container-core-columns-is-layout-9d6595d7 wp-block-columns-is-layout-flex\">\n<div class=\"wp-block-column is-layout-flow wp-block-column-is-layout-flow\">\n<figure class=\"wp-block-image size-full\"><img loading=\"lazy\" decoding=\"async\" width=\"960\" height=\"540\" src=\"http:\/\/istanbulbaskimerkezi.com\/wp-content\/uploads\/2022\/01\/1609730_129974537391546_3821199425110004415_n.jpg\" alt=\"\" class=\"wp-image-520\" srcset=\"https:\/\/istanbulbaskimerkezi.com\/wp-content\/uploads\/2022\/01\/1609730_129974537391546_3821199425110004415_n.jpg 960w, https:\/\/istanbulbaskimerkezi.com\/wp-content\/uploads\/2022\/01\/1609730_129974537391546_3821199425110004415_n-300x169.jpg 300w, https:\/\/istanbulbaskimerkezi.com\/wp-content\/uploads\/2022\/01\/1609730_129974537391546_3821199425110004415_n-768x432.jpg 768w\" sizes=\"auto, (max-width: 960px) 100vw, 960px\" \/><\/figure>\n<\/div>\n\n\n\n<div class=\"wp-block-column is-layout-flow wp-block-column-is-layout-flow\">\n<figure class=\"wp-block-image size-large\"><img loading=\"lazy\" decoding=\"async\" width=\"1024\" height=\"576\" src=\"http:\/\/istanbulbaskimerkezi.com\/wp-content\/uploads\/2022\/01\/1501020_192295487826117_7624424723596952361_o-1024x576.jpg\" alt=\"\" class=\"wp-image-521\" srcset=\"https:\/\/istanbulbaskimerkezi.com\/wp-content\/uploads\/2022\/01\/1501020_192295487826117_7624424723596952361_o-1024x576.jpg 1024w, https:\/\/istanbulbaskimerkezi.com\/wp-content\/uploads\/2022\/01\/1501020_192295487826117_7624424723596952361_o-300x169.jpg 300w, https:\/\/istanbulbaskimerkezi.com\/wp-content\/uploads\/2022\/01\/1501020_192295487826117_7624424723596952361_o-768x432.jpg 768w, https:\/\/istanbulbaskimerkezi.com\/wp-content\/uploads\/2022\/01\/1501020_192295487826117_7624424723596952361_o.jpg 1280w\" sizes=\"auto, (max-width: 1024px) 100vw, 1024px\" \/><\/figure>\n<\/div>\n<\/div>\n","protected":false},"excerpt":{"rendered":"<p>Fuar Standlar\u0131 kat\u0131l\u0131m g\u00f6sterdi\u011finiz herhangi bir fuarda fuar s\u00fcresince kullanm\u0131\u015f oldu\u011funuz ofisiniz ve showroomunuzdur.\u00a0Fuar\u00a0s\u00fcresince m\u00fc\u015fterileriniz, rakipleriniz ve sekt\u00f6r i\u00e7inden dostlar\u0131n\u0131z stand\u0131n\u0131z\u0131 ziyaret edecektir. Dolay\u0131s\u0131yla yapt\u0131rm\u0131\u015f oldu\u011funuz stand sizi ve firman\u0131z\u0131 ne kadar<a class=\"moretag\" href=\"https:\/\/istanbulbaskimerkezi.com\/?page_id=175\">Read More&#8230;<\/a><\/p>\n","protected":false},"author":1,"featured_media":0,"parent":122,"menu_order":0,"comment_status":"closed","ping_status":"closed","template":"","meta":{"_monsterinsights_skip_tracking":false,"_monsterinsights_sitenote_active":false,"_monsterinsights_sitenote_note":"","_monsterinsights_sitenote_category":0,"footnotes":""},"class_list":["post-175","page","type-page","status-publish","hentry"],"_links":{"self":[{"href":"https:\/\/istanbulbaskimerkezi.com\/index.php?rest_route=\/wp\/v2\/pages\/175","targetHints":{"allow":["GET"]}}],"collection":[{"href":"https:\/\/istanbulbaskimerkezi.com\/index.php?rest_route=\/wp\/v2\/pages"}],"about":[{"href":"https:\/\/istanbulbaskimerkezi.com\/index.php?rest_route=\/wp\/v2\/types\/page"}],"author":[{"embeddable":true,"href":"https:\/\/istanbulbaskimerkezi.com\/index.php?rest_route=\/wp\/v2\/users\/1"}],"replies":[{"embeddable":true,"href":"https:\/\/istanbulbaskimerkezi.com\/index.php?rest_route=%2Fwp%2Fv2%2Fcomments&post=175"}],"version-history":[{"count":3,"href":"https:\/\/istanbulbaskimerkezi.com\/index.php?rest_route=\/wp\/v2\/pages\/175\/revisions"}],"predecessor-version":[{"id":522,"href":"https:\/\/istanbulbaskimerkezi.com\/index.php?rest_route=\/wp\/v2\/pages\/175\/revisions\/522"}],"up":[{"embeddable":true,"href":"https:\/\/istanbulbaskimerkezi.com\/index.php?rest_route=\/wp\/v2\/pages\/122"}],"wp:attachment":[{"href":"https:\/\/istanbulbaskimerkezi.com\/index.php?rest_route=%2Fwp%2Fv2%2Fmedia&parent=175"}],"curies":[{"name":"wp","href":"https:\/\/api.w.org\/{rel}","templated":true}]}}